{"id":199,"date":"2021-02-21T22:29:32","date_gmt":"2021-02-21T22:29:32","guid":{"rendered":"https:\/\/licaflex.com\/about-us\/"},"modified":"2023-06-13T12:14:15","modified_gmt":"2023-06-13T16:14:15","slug":"a-propos","status":"publish","type":"page","link":"https:\/\/licaflex.com\/fr\/a-propos\/","title":{"rendered":"\u00c0 Propos"},"content":{"rendered":"\n<h1>\n\t\t\u00c0 Propos\n\t<\/h1>\n<h2>\n\t\tLicaFlex est un fabricant verticalement int\u00e9gr\u00e9 d&#8217;emballages flexible \n\t<\/h2>\n\t\t\t\t<img loading=\"lazy\" decoding=\"async\" src=\"https:\/\/licaflex.com\/wp-content\/uploads\/2021\/02\/abt_img_001.png\" alt=\"abt_img_001\" itemprop=\"image\" height=\"650\" width=\"908\" title=\"abt_img_001\" onerror=\"this.style.display='none'\"  \/>\n<h2>\n\t\tNotre histoire\n\t<\/h2>\n\t<p>Licaflex fait bien plus que de fournir des solutions d&#8217;emballage aux entreprises. Nous sommes engag\u00e9s \u00e0 vous offrir de l&rsquo;excellence et de la haute qualit\u00e9 gr\u00e2ce \u00e0 nos emballages, notre productivit\u00e9, notre comp\u00e9titivit\u00e9 et la rentabilit\u00e9 pour nos clients.<\/p>\n\t<p>Avec nos technologies avanc\u00e9es, nos solutions guid\u00e9es par le march\u00e9, nos associ\u00e9s qualifi\u00e9s et notre engagement constant, nous sommes motiv\u00e9s \u00e0 pousser la croissance de votre entreprise en d\u00e9veloppant des strat\u00e9gies d&rsquo;enrichissement de la client\u00e8le et en alignant nos emballages et notre soutien avec les objectifs de votre entreprise.<\/p>\n\t<p>Licaflex reste pleinement engag\u00e9 \u00e0 d\u00e9velopper de produits de qualit\u00e9 et \u00e0 l&rsquo;excellence de la fabrication et du service \u00e0 la client\u00e8le.<\/p>\n\t\t\t\u00c0 la fine pointe D\u00e9veloppement de produits\n\t\t\tExcellence de la fabrication\n\t\t\tService \u00e0 la client\u00e8le sup\u00e9rieur\n\t<meta itemprop=\"name\" content=\"LICAFLEX Packaging - Fabricant d&#039;emballage Flexible\" \/><meta itemprop=\"uploadDate\" content=\"2023-06-13\" \/><meta itemprop=\"thumbnailUrl\" content=\"https:\/\/licaflex.com\/wp-content\/uploads\/2021\/09\/Screen-Shot-2021-09-07-at-1.17.57-PM.png\" \/><meta itemprop=\"description\" content=\"Visite de notre usine, pour voir la fabrication de nos emballages. De l&#039;extrusion de poly\u00e9thyl\u00e8ne \u00e0 la fabrication de sacs. \" \/><iframe loading=\"lazy\" width=\"570\" height=\"315\" src=\"https:\/\/www.youtube.com\/embed\/2QRMcPcb3IU?controls=0\" title=\"YouTube video player\" frameborder=\"0\" allow=\"accelerometer; autoplay; clipboard-write; encrypted-media; gyroscope; picture-in-picture; web-share\" allowfullscreen><\/iframe>\n<h3>\n\t\tNous Produisons Des Films Flexibles Pour L&#8217;emballage, L&rsquo;impression Et Les Applications Sp\u00e9cialis\u00e9es Depuis 1988\n\t<\/h3>\n\t\t\t\t\t\t\t\t\t\t<img decoding=\"async\" src=\"https:\/\/licaflex.com\/wp-content\/uploads\/2021\/02\/abt_img_006.png\" alt=\"abt_img_006\" itemprop=\"image\"  \/>\n<h3>\n\t\tNotre mission\n\t<\/h3>\n\t<p>Notre mission est de cr\u00e9er de la valeur pour nos clients, nos employ\u00e9s et les propri\u00e9taires d&rsquo;entreprises. En tant qu&rsquo;un groupe de professionnels en emballage avec un seul objectif, nous sommes une \u00e9quipe coh\u00e9rente avec une vision encr\u00e9e dans nos c\u0153urs. \u00c0 Licaflex, nous travaillons comme une seule grande \u00e9quipe pour atteindre le succ\u00e8s de fa\u00e7on respectueuse, simple et diversifi\u00e9e. Notre patrimoine sert \u00e0 aider nos clients \u00e0 arriver vers la domination du march\u00e9.<\/p>\n\t<p>Notre promesse de d\u00e9velopper et de fabriquer des produits d&#8217;emballage flexible, nos strat\u00e9gies de r\u00e9investissement et notre d\u00e9sir constant pour la croissance nous aident \u00e0 introduire une approche d\u00e9contract\u00e9e pour r\u00e9duire le temps de mise-en-march\u00e9 de nos clients.<\/p>\n\t\t\t<a href=\"\/fr\/produits\/\" target=\"_self\" role=\"button\" rel=\"noopener\">\n\t\t\t\t\t\t\tTous les produits\n\t\t\t\t\t<\/a>\n\n","protected":false},"excerpt":{"rendered":"<p>\u00c0 Propos LicaFlex est un fabricant verticalement int\u00e9gr\u00e9 d&#8217;emballages flexible Notre histoire Licaflex fait bien plus que de fournir des solutions d&#8217;emballage aux entreprises. Nous sommes engag\u00e9s \u00e0 vous offrir de l&rsquo;excellence et de la haute qualit\u00e9 gr\u00e2ce \u00e0 nos emballages, notre productivit\u00e9, notre comp\u00e9titivit\u00e9 et la rentabilit\u00e9 pour nos clients. Avec nos technologies avanc\u00e9es,&hellip;<\/p>\n","protected":false},"author":1,"featured_media":0,"parent":0,"menu_order":0,"comment_status":"closed","ping_status":"closed","template":"","meta":{"footnotes":""},"class_list":["post-199","page","type-page","status-publish","hentry"],"yoast_head":"<!-- This site is optimized with the Yoast SEO plugin v26.1 - https:\/\/yoast.com\/wordpress\/plugins\/seo\/ -->\n<title>\u00c0 Propos - LicaFlex Packaging<\/title>\n<meta name=\"robots\" content=\"index, follow, max-snippet:-1, max-image-preview:large, max-video-preview:-1\" \/>\n<link rel=\"canonical\" href=\"https:\/\/licaflex.com\/about-us\/\" \/>\n<meta property=\"og:locale\" content=\"fr_FR\" \/>\n<meta property=\"og:type\" content=\"article\" \/>\n<meta property=\"og:title\" content=\"\u00c0 Propos - LicaFlex Packaging\" \/>\n<meta property=\"og:description\" content=\"\u00c0 Propos LicaFlex est un fabricant verticalement int\u00e9gr\u00e9 d&#8217;emballages flexible Notre histoire Licaflex fait bien plus que de fournir des solutions d&#8217;emballage aux entreprises. Nous sommes engag\u00e9s \u00e0 vous offrir de l&rsquo;excellence et de la haute qualit\u00e9 gr\u00e2ce \u00e0 nos emballages, notre productivit\u00e9, notre comp\u00e9titivit\u00e9 et la rentabilit\u00e9 pour nos clients. Avec nos technologies avanc\u00e9es,&hellip;\" \/>\n<meta property=\"og:url\" content=\"https:\/\/licaflex.com\/about-us\/\" \/>\n<meta property=\"og:site_name\" content=\"LicaFlex Packaging\" \/>\n<meta property=\"article:modified_time\" content=\"2023-06-13T16:14:15+00:00\" \/>\n<meta property=\"og:image\" content=\"https:\/\/licaflex.com\/wp-content\/uploads\/2021\/02\/abt_img_001.png\" \/>\n<meta name=\"twitter:card\" content=\"summary_large_image\" \/>\n<meta name=\"twitter:label1\" content=\"Dur\u00e9e de lecture estim\u00e9e\" \/>\n\t<meta name=\"twitter:data1\" content=\"1 minute\" \/>\n<script type=\"application\/ld+json\" class=\"yoast-schema-graph\">{\"@context\":\"https:\/\/schema.org\",\"@graph\":[{\"@type\":\"WebPage\",\"@id\":\"https:\/\/licaflex.com\/about-us\/\",\"url\":\"https:\/\/licaflex.com\/about-us\/\",\"name\":\"\u00c0 Propos - LicaFlex Packaging\",\"isPartOf\":{\"@id\":\"https:\/\/licaflex.com\/#website\"},\"primaryImageOfPage\":{\"@id\":\"https:\/\/licaflex.com\/about-us\/#primaryimage\"},\"image\":{\"@id\":\"https:\/\/licaflex.com\/about-us\/#primaryimage\"},\"thumbnailUrl\":\"https:\/\/licaflex.com\/wp-content\/uploads\/2021\/02\/abt_img_001.png\",\"datePublished\":\"2021-02-21T22:29:32+00:00\",\"dateModified\":\"2023-06-13T16:14:15+00:00\",\"breadcrumb\":{\"@id\":\"https:\/\/licaflex.com\/about-us\/#breadcrumb\"},\"inLanguage\":\"fr-FR\",\"potentialAction\":[{\"@type\":\"ReadAction\",\"target\":[\"https:\/\/licaflex.com\/about-us\/\"]}]},{\"@type\":\"ImageObject\",\"inLanguage\":\"fr-FR\",\"@id\":\"https:\/\/licaflex.com\/about-us\/#primaryimage\",\"url\":\"https:\/\/licaflex.com\/wp-content\/uploads\/2021\/02\/abt_img_001.png\",\"contentUrl\":\"https:\/\/licaflex.com\/wp-content\/uploads\/2021\/02\/abt_img_001.png\"},{\"@type\":\"BreadcrumbList\",\"@id\":\"https:\/\/licaflex.com\/about-us\/#breadcrumb\",\"itemListElement\":[{\"@type\":\"ListItem\",\"position\":1,\"name\":\"Home\",\"item\":\"https:\/\/licaflex.com\/\"},{\"@type\":\"ListItem\",\"position\":2,\"name\":\"\u00c0 Propos\"}]},{\"@type\":\"WebSite\",\"@id\":\"https:\/\/licaflex.com\/#website\",\"url\":\"https:\/\/licaflex.com\/\",\"name\":\"LicaFlex Packaging\",\"description\":\"Flexible Packaging Manufacturer\",\"publisher\":{\"@id\":\"https:\/\/licaflex.com\/#organization\"},\"potentialAction\":[{\"@type\":\"SearchAction\",\"target\":{\"@type\":\"EntryPoint\",\"urlTemplate\":\"https:\/\/licaflex.com\/?s={search_term_string}\"},\"query-input\":{\"@type\":\"PropertyValueSpecification\",\"valueRequired\":true,\"valueName\":\"search_term_string\"}}],\"inLanguage\":\"fr-FR\"},{\"@type\":\"Organization\",\"@id\":\"https:\/\/licaflex.com\/#organization\",\"name\":\"LicaFlex Packaging\",\"url\":\"https:\/\/licaflex.com\/\",\"logo\":{\"@type\":\"ImageObject\",\"inLanguage\":\"fr-FR\",\"@id\":\"https:\/\/licaflex.com\/#\/schema\/logo\/image\/\",\"url\":\"https:\/\/licaflex.com\/wp-content\/uploads\/2021\/03\/Vertical-Transparent-PNG.png\",\"contentUrl\":\"https:\/\/licaflex.com\/wp-content\/uploads\/2021\/03\/Vertical-Transparent-PNG.png\",\"width\":4740,\"height\":2386,\"caption\":\"LicaFlex Packaging\"},\"image\":{\"@id\":\"https:\/\/licaflex.com\/#\/schema\/logo\/image\/\"}}]}<\/script>\n<!-- \/ Yoast SEO plugin. -->","yoast_head_json":{"title":"\u00c0 Propos - LicaFlex Packaging","robots":{"index":"index","follow":"follow","max-snippet":"max-snippet:-1","max-image-preview":"max-image-preview:large","max-video-preview":"max-video-preview:-1"},"canonical":"https:\/\/licaflex.com\/about-us\/","og_locale":"fr_FR","og_type":"article","og_title":"\u00c0 Propos - LicaFlex Packaging","og_description":"\u00c0 Propos LicaFlex est un fabricant verticalement int\u00e9gr\u00e9 d&#8217;emballages flexible Notre histoire Licaflex fait bien plus que de fournir des solutions d&#8217;emballage aux entreprises. Nous sommes engag\u00e9s \u00e0 vous offrir de l&rsquo;excellence et de la haute qualit\u00e9 gr\u00e2ce \u00e0 nos emballages, notre productivit\u00e9, notre comp\u00e9titivit\u00e9 et la rentabilit\u00e9 pour nos clients. Avec nos technologies avanc\u00e9es,&hellip;","og_url":"https:\/\/licaflex.com\/about-us\/","og_site_name":"LicaFlex Packaging","article_modified_time":"2023-06-13T16:14:15+00:00","og_image":[{"url":"https:\/\/licaflex.com\/wp-content\/uploads\/2021\/02\/abt_img_001.png","type":"","width":"","height":""}],"twitter_card":"summary_large_image","twitter_misc":{"Dur\u00e9e de lecture estim\u00e9e":"1 minute"},"schema":{"@context":"https:\/\/schema.org","@graph":[{"@type":"WebPage","@id":"https:\/\/licaflex.com\/about-us\/","url":"https:\/\/licaflex.com\/about-us\/","name":"\u00c0 Propos - LicaFlex Packaging","isPartOf":{"@id":"https:\/\/licaflex.com\/#website"},"primaryImageOfPage":{"@id":"https:\/\/licaflex.com\/about-us\/#primaryimage"},"image":{"@id":"https:\/\/licaflex.com\/about-us\/#primaryimage"},"thumbnailUrl":"https:\/\/licaflex.com\/wp-content\/uploads\/2021\/02\/abt_img_001.png","datePublished":"2021-02-21T22:29:32+00:00","dateModified":"2023-06-13T16:14:15+00:00","breadcrumb":{"@id":"https:\/\/licaflex.com\/about-us\/#breadcrumb"},"inLanguage":"fr-FR","potentialAction":[{"@type":"ReadAction","target":["https:\/\/licaflex.com\/about-us\/"]}]},{"@type":"ImageObject","inLanguage":"fr-FR","@id":"https:\/\/licaflex.com\/about-us\/#primaryimage","url":"https:\/\/licaflex.com\/wp-content\/uploads\/2021\/02\/abt_img_001.png","contentUrl":"https:\/\/licaflex.com\/wp-content\/uploads\/2021\/02\/abt_img_001.png"},{"@type":"BreadcrumbList","@id":"https:\/\/licaflex.com\/about-us\/#breadcrumb","itemListElement":[{"@type":"ListItem","position":1,"name":"Home","item":"https:\/\/licaflex.com\/"},{"@type":"ListItem","position":2,"name":"\u00c0 Propos"}]},{"@type":"WebSite","@id":"https:\/\/licaflex.com\/#website","url":"https:\/\/licaflex.com\/","name":"LicaFlex Packaging","description":"Flexible Packaging Manufacturer","publisher":{"@id":"https:\/\/licaflex.com\/#organization"},"potentialAction":[{"@type":"SearchAction","target":{"@type":"EntryPoint","urlTemplate":"https:\/\/licaflex.com\/?s={search_term_string}"},"query-input":{"@type":"PropertyValueSpecification","valueRequired":true,"valueName":"search_term_string"}}],"inLanguage":"fr-FR"},{"@type":"Organization","@id":"https:\/\/licaflex.com\/#organization","name":"LicaFlex Packaging","url":"https:\/\/licaflex.com\/","logo":{"@type":"ImageObject","inLanguage":"fr-FR","@id":"https:\/\/licaflex.com\/#\/schema\/logo\/image\/","url":"https:\/\/licaflex.com\/wp-content\/uploads\/2021\/03\/Vertical-Transparent-PNG.png","contentUrl":"https:\/\/licaflex.com\/wp-content\/uploads\/2021\/03\/Vertical-Transparent-PNG.png","width":4740,"height":2386,"caption":"LicaFlex Packaging"},"image":{"@id":"https:\/\/licaflex.com\/#\/schema\/logo\/image\/"}}]}},"_links":{"self":[{"href":"https:\/\/licaflex.com\/fr\/wp-json\/wp\/v2\/pages\/199","targetHints":{"allow":["GET"]}}],"collection":[{"href":"https:\/\/licaflex.com\/fr\/wp-json\/wp\/v2\/pages"}],"about":[{"href":"https:\/\/licaflex.com\/fr\/wp-json\/wp\/v2\/types\/page"}],"author":[{"embeddable":true,"href":"https:\/\/licaflex.com\/fr\/wp-json\/wp\/v2\/users\/1"}],"replies":[{"embeddable":true,"href":"https:\/\/licaflex.com\/fr\/wp-json\/wp\/v2\/comments?post=199"}],"version-history":[{"count":11,"href":"https:\/\/licaflex.com\/fr\/wp-json\/wp\/v2\/pages\/199\/revisions"}],"predecessor-version":[{"id":828,"href":"https:\/\/licaflex.com\/fr\/wp-json\/wp\/v2\/pages\/199\/revisions\/828"}],"wp:attachment":[{"href":"https:\/\/licaflex.com\/fr\/wp-json\/wp\/v2\/media?parent=199"}],"curies":[{"name":"wp","href":"https:\/\/api.w.org\/{rel}","templated":true}]}}