{"id":206,"date":"2021-02-21T22:32:07","date_gmt":"2021-02-21T22:32:07","guid":{"rendered":"https:\/\/licaflex.com\/contact-us\/"},"modified":"2021-05-05T18:01:58","modified_gmt":"2021-05-05T22:01:58","slug":"contact-us","status":"publish","type":"page","link":"https:\/\/licaflex.com\/fr\/contact-us\/","title":{"rendered":"Contactez-nous"},"content":{"rendered":"\n<h1>\n\t\tContactez-nous\n\t<\/h1>\n<h1>\n\t\tComment pouvons nous vous aider?\n\t<\/h1>\n\t\t\t\t<img loading=\"lazy\" decoding=\"async\" src=\"https:\/\/licaflex.com\/wp-content\/uploads\/2021\/03\/cnt_img_001.jpg\" alt=\"cnt_img_001\" itemprop=\"image\" height=\"650\" width=\"908\" title=\"cnt_img_001\" onerror=\"this.style.display='none'\"  \/>\n<h2>\n\t\tQuestions, commentaires ou suggestions?\n\t<\/h2>\n\tN&rsquo;h\u00e9sitez pas \u00e0 nous contacter pour toute question, commentaire ou<br \/>\nsuggestion que vous pourriez avoir.\n\t\t\t<h4>Sans frais:<\/h4>\n\t\t\t\n\t\t\t<h4>T\u00e9l:<\/h4>\n\t\t\t\t\t\n\t\t\t<h4>Fax:<\/h4>\n\t\t\t\t\t\n\t\t\t<h4>Courriel:<\/h4>\n\t\t\t\t\t\n<h2>\n\t\tNos coordonn\u00e9es\n\t<\/h2>\n\t<p>Emballage LicaFlex<\/p>\n\t\t\t\t\t<h4><\/h4>\n\t\t\t\t\t<p>2500 Alphonse Gariepy St,<br \/>Lachine, Quebec H8T 3M2<br \/>Canada<\/p>\t\t\t\t\n<h2>\n\t\tFormulaire de contact\n\t<\/h2>\n\t<p>Nous vous remercions de nous avoir contact\u00e9s. Un de nos coll\u00e8gues vous recontactera bient\u00f4t! Passez une bonne journ\u00e9e!<\/p>\n\t<!-- Note :\n   - You can modify the font style and form style to suit your website. \n   - Code lines with comments Do not remove this code are required for the form to work properly, make sure that you do not remove these lines of code. \n   - The Mandatory check script can modified as to suit your business needs. \n   - It is important that you test the modified form before going live.-->\n  <meta name='viewport' content='width=device-width, initial-scale=1.0'\/>\n   <meta HTTP-EQUIV ='content-type' CONTENT='text\/html;charset=UTF-8'\/>\n<form action='https:\/\/crm.zoho.com\/crm\/WebToLeadForm' name=WebToLeads4727615000001572002 method='POST' onSubmit='javascript:document.charset=\"UTF-8\"; return checkMandatory4727615000001572002()' accept-charset='UTF-8'>\n <input type='text' style='display:none;' name='xnQsjsdp' value='78ea3176d026ea389cf163a385c67124e485e56999f889cf8786e054a56659ae'\/> \n <input type='hidden' name='zc_gad' id='zc_gad' value=''\/> \n <input type='text' style='display:none;' name='xmIwtLD' value='5e5ab97fb60d1358838355e8cde6dbf3913ed02feaa450b7a96d887027b2caca'\/> \n <input type='text'  style='display:none;' name='actionType' value='TGVhZHM='\/>\n <input type='text' style='display:none;' name='returnURL' value='https:\/\/licaflex.com\/fr\/contact-us\/?fsubmit=success'\/> \n\t <!-- Do not remove this code. -->\n<style>\nhtml,body{\n\tmargin: 0px;\n}\n#crmWebToEntityForm.zcwf_lblLeft {\n\twidth:100%;\n\tpadding: 25px;\n\tmargin: 0 auto;\n\tbox-sizing: border-box;\n}\n#crmWebToEntityForm.zcwf_lblLeft * {\n\tbox-sizing: border-box;\n}\n#crmWebToEntityForm{text-align: left;}\n#crmWebToEntityForm * {\n\tdirection: ltr;\n}\n.zcwf_lblLeft .zcwf_title {\n\tword-wrap: break-word;\n\tpadding: 0px 6px 10px;\n\tfont-weight: bold;\n}\n.zcwf_lblLeft .zcwf_col_fld input[type=text], .zcwf_lblLeft .zcwf_col_fld textarea {\n\twidth: 60%;\n\tborder: 1px solid #ccc !important;\n\tresize: vertical;\n\tborder-radius: 2px;\n\tfloat: left;\n}\n.zcwf_lblLeft .zcwf_col_lab {\n\twidth: 30%;\n\tword-break: break-word;\n\tpadding: 0px 6px 0px;\n\tmargin-right: 10px;\n\tmargin-top: 5px;\n\tfloat: left;\n\tmin-height: 1px;\n}\n.zcwf_lblLeft .zcwf_col_fld {\n\tfloat: left;\n\twidth: 68%;\n\tpadding: 0px 6px 0px;\n\tposition: relative;\n\tmargin-top: 5px;\n}\n.zcwf_lblLeft .zcwf_privacy{padding: 6px;}\n.zcwf_lblLeft .wfrm_fld_dpNn{display: none;}\n.dIB{display: inline-block;}\n.zcwf_lblLeft .zcwf_col_fld_slt {\n\twidth: 60%;\n\tborder: 1px solid #ccc;\n\tbackground: #fff;\n\tborder-radius: 4px;\n\tfont-size: 12px;\n\tfloat: left;\n\tresize: vertical;\n}\n.zcwf_lblLeft .zcwf_row:after, .zcwf_lblLeft .zcwf_col_fld:after {\n\tcontent: '';\n\tdisplay: table;\n\tclear: both;\n}\n.zcwf_lblLeft .zcwf_col_help {\n\tfloat: left;\n\tmargin-left: 7px;\n\tfont-size: 12px;\n\tmax-width: 35%;\n\tword-break: break-word;\n}\n.zcwf_lblLeft .zcwf_help_icon {\n\tcursor: pointer;\n\twidth: 16px;\n\theight: 16px;\n\tdisplay: inline-block;\n\tbackground: #fff;\n\tborder: 1px solid #ccc;\n\tcolor: #ccc;\n\ttext-align: center;\n\tfont-size: 11px;\n\tline-height: 16px;\n\tfont-weight: bold;\n\tborder-radius: 50%;\n}\n.zcwf_lblLeft .zcwf_row {margin: 15px 0px;}\n.zcwf_lblLeft .formsubmit {\n\tmargin-right: 5px;\n\tcursor: pointer;\n\tcolor: #333;\n\tfont-size: 12px;\n}\n.zcwf_lblLeft .zcwf_privacy_txt {\n\tcolor: rgb(0, 0, 0);\n\tfont-size: 12px;\n\tfont-family: Arial;\n\tdisplay: inline-block;\n\tvertical-align: top;\n\tcolor: #333;\n\tpadding-top: 2px;\n\tmargin-left: 6px;\n}\n.zcwf_lblLeft .zcwf_button {\n\tfont-size: 12px;\n\tcolor: #333;\n\tborder: 1px solid #ccc;\n\tpadding: 3px 9px;\n\tborder-radius: 4px;\n\tcursor: pointer;\n\tmax-width: 120px;\n\toverflow: hidden;\n\ttext-overflow: ellipsis;\n\twhite-space: nowrap;\n}\n.zcwf_lblLeft .zcwf_tooltip_over{\n\tposition: relative;\n}\n.zcwf_lblLeft .zcwf_tooltip_ctn{\n\tposition: absolute;\n\tbackground: #dedede;\n\tpadding: 3px 6px;\n\ttop: 3px;\n\tborder-radius: 4px;word-break: break-all;\n\tmin-width: 50px;\n\tmax-width: 150px;\n\tcolor: #333;\n}\n.zcwf_lblLeft .zcwf_ckbox{\n\tfloat: left;\n}\n.zcwf_lblLeft .zcwf_file{\n\twidth: 55%;\n\tbox-sizing: border-box;\n\tfloat: left;\n}\n.clearB:after{\n\tcontent:'';\n\tdisplay: block;\n\tclear: both;\n}\n#formsubmit,\n.zcwf_button {\n    padding: 10px 20px;\n    max-width: 120px;\n}\n@media all and (max-width: 600px) {\n\t.zcwf_lblLeft .zcwf_col_lab, .zcwf_lblLeft .zcwf_col_fld {\n\t\twidth: auto;\n\t\tfloat: none !important;\n\t}\n\t.zcwf_lblLeft .zcwf_col_help {width: 40%;}\n}\n<\/style>\n<label for='First_Name'>Pr\u00e9nom*<\/label><input type='text' id='First_Name' name='First Name' maxlength='40'\/>\n<label for='Last_Name'>Nom de famille*<\/label><input type='text' id='Last_Name' name='Last Name' maxlength='80'\/>\n<label for='Phone'>Phone*<\/label><input type='text' id='Phone' name='Phone' maxlength='30'\/>\n<label for='Email'>Email*<\/label><input type='text' ftype='email' id='Email' name='Email' maxlength='100'\/>\n<label for='Company'>Nom de la compagnie*<\/label><input type='text' id='Company' name='Company' maxlength='100'\/>\n<label for='Lead_Source'>Lead Source<\/label><select class='zcwf_col_fld_slt' id='Lead_Source' name='Lead Source'>\n\t\t\t<option value='-None-'>-None-<\/option>\n\t\t\t<option value='Adword'>Adword<\/option>\n\t\t\t<option value='Inbound&#x20;call'>Inbound call<\/option>\n\t\t\t<option value='LinkedIn'>LinkedIn<\/option>\n\t\t\t<option value='Networking'>Networking<\/option>\n\t\t\t<option value='Newsletter'>Newsletter<\/option>\n\t\t\t<option value='Partner'>Partner<\/option>\n\t\t\t<option value='Prospection'>Prospection<\/option>\n\t\t\t<option value='Referal'>Referal<\/option>\n\t\t\t<option value='Trade&#x20;Show'>Trade Show<\/option>\n\t\t<option selected value='Website'>Website<\/option>\n\t\t\t<option value='ZoomInfo'>ZoomInfo<\/option>\n\t\t<\/select>\n<label for='Description'>Commentaire ou message<\/label><textarea id='Description' name='Description'><\/textarea>\n<label for='LEADCF6'>Comment avez-vous entendu parler de nous&#x3f;<\/label><input type='text' id='LEADCF6' name='LEADCF6' maxlength='255'\/> Captcha validation failed. If you are not a robot then please try again.<input type='submit' id='formsubmit' class='formsubmit zcwf_button' value='Envoyer' title='Send'\/><input type='reset' class='zcwf_button' name='reset' value='R\u00e9initialiser' title='Reset'\/>\n\t<!-- Do not remove this --- Analytics Tracking code starts --><!-- Do not remove this --- Analytics Tracking code ends. --><\/form>\n\n","protected":false},"excerpt":{"rendered":"<p>Contactez-nous Comment pouvons nous vous aider? Questions, commentaires ou suggestions? N&rsquo;h\u00e9sitez pas \u00e0 nous contacter pour toute question, commentaire ou suggestion que vous pourriez avoir. Sans frais: T\u00e9l: Fax: Courriel: Nos coordonn\u00e9es Emballage LicaFlex 2500 Alphonse Gariepy St,Lachine, Quebec H8T 3M2Canada Formulaire de contact Nous vous remercions de nous avoir contact\u00e9s. Un de nos coll\u00e8gues&hellip;<\/p>\n","protected":false},"author":1,"featured_media":0,"parent":0,"menu_order":0,"comment_status":"closed","ping_status":"closed","template":"","meta":{"footnotes":""},"class_list":["post-206","page","type-page","status-publish","hentry"],"yoast_head":"<!-- This site is optimized with the Yoast SEO plugin v26.1 - https:\/\/yoast.com\/wordpress\/plugins\/seo\/ -->\n<title>Contactez-nous - LicaFlex Packaging - Fabricant d&#039;emballages Souples<\/title>\n<meta name=\"description\" content=\"Vous cherchez un fabricant d&#039;emballages souples ? Contactez-nous aujourd&#039;hui. Nos consultants vous offriront une solution personalis\u00e9e.\" \/>\n<meta name=\"robots\" content=\"index, follow, max-snippet:-1, max-image-preview:large, max-video-preview:-1\" \/>\n<link rel=\"canonical\" href=\"https:\/\/licaflex.com\/contact-us\/\" \/>\n<meta property=\"og:locale\" content=\"fr_FR\" \/>\n<meta property=\"og:type\" content=\"article\" \/>\n<meta property=\"og:title\" content=\"Contactez-nous - LicaFlex Packaging - Fabricant d&#039;emballages Souples\" \/>\n<meta property=\"og:description\" content=\"Vous cherchez un fabricant d&#039;emballages souples ? Contactez-nous aujourd&#039;hui. Nos consultants vous offriront une solution personalis\u00e9e.\" \/>\n<meta property=\"og:url\" content=\"https:\/\/licaflex.com\/contact-us\/\" \/>\n<meta property=\"og:site_name\" content=\"LicaFlex Packaging\" \/>\n<meta property=\"article:modified_time\" content=\"2021-05-05T22:01:58+00:00\" \/>\n<meta property=\"og:image\" content=\"https:\/\/licaflex.com\/wp-content\/uploads\/2021\/03\/cnt_img_001.jpg\" \/>\n<meta name=\"twitter:card\" content=\"summary_large_image\" \/>\n<meta name=\"twitter:label1\" content=\"Dur\u00e9e de lecture estim\u00e9e\" \/>\n\t<meta name=\"twitter:data1\" content=\"1 minute\" \/>\n<script type=\"application\/ld+json\" class=\"yoast-schema-graph\">{\"@context\":\"https:\/\/schema.org\",\"@graph\":[{\"@type\":[\"WebPage\",\"ContactPage\"],\"@id\":\"https:\/\/licaflex.com\/contact-us\/\",\"url\":\"https:\/\/licaflex.com\/contact-us\/\",\"name\":\"Contactez-nous - LicaFlex Packaging - Fabricant d'emballages Souples\",\"isPartOf\":{\"@id\":\"https:\/\/licaflex.com\/#website\"},\"primaryImageOfPage\":{\"@id\":\"https:\/\/licaflex.com\/contact-us\/#primaryimage\"},\"image\":{\"@id\":\"https:\/\/licaflex.com\/contact-us\/#primaryimage\"},\"thumbnailUrl\":\"https:\/\/licaflex.com\/wp-content\/uploads\/2021\/03\/cnt_img_001.jpg\",\"datePublished\":\"2021-02-21T22:32:07+00:00\",\"dateModified\":\"2021-05-05T22:01:58+00:00\",\"description\":\"Vous cherchez un fabricant d'emballages souples ? Contactez-nous aujourd'hui. Nos consultants vous offriront une solution personalis\u00e9e.\",\"breadcrumb\":{\"@id\":\"https:\/\/licaflex.com\/contact-us\/#breadcrumb\"},\"inLanguage\":\"fr-FR\",\"potentialAction\":[{\"@type\":\"ReadAction\",\"target\":[\"https:\/\/licaflex.com\/contact-us\/\"]}]},{\"@type\":\"ImageObject\",\"inLanguage\":\"fr-FR\",\"@id\":\"https:\/\/licaflex.com\/contact-us\/#primaryimage\",\"url\":\"https:\/\/licaflex.com\/wp-content\/uploads\/2021\/03\/cnt_img_001.jpg\",\"contentUrl\":\"https:\/\/licaflex.com\/wp-content\/uploads\/2021\/03\/cnt_img_001.jpg\"},{\"@type\":\"BreadcrumbList\",\"@id\":\"https:\/\/licaflex.com\/contact-us\/#breadcrumb\",\"itemListElement\":[{\"@type\":\"ListItem\",\"position\":1,\"name\":\"Home\",\"item\":\"https:\/\/licaflex.com\/\"},{\"@type\":\"ListItem\",\"position\":2,\"name\":\"Contactez-nous\"}]},{\"@type\":\"WebSite\",\"@id\":\"https:\/\/licaflex.com\/#website\",\"url\":\"https:\/\/licaflex.com\/\",\"name\":\"LicaFlex Packaging\",\"description\":\"Flexible Packaging Manufacturer\",\"publisher\":{\"@id\":\"https:\/\/licaflex.com\/#organization\"},\"potentialAction\":[{\"@type\":\"SearchAction\",\"target\":{\"@type\":\"EntryPoint\",\"urlTemplate\":\"https:\/\/licaflex.com\/?s={search_term_string}\"},\"query-input\":{\"@type\":\"PropertyValueSpecification\",\"valueRequired\":true,\"valueName\":\"search_term_string\"}}],\"inLanguage\":\"fr-FR\"},{\"@type\":\"Organization\",\"@id\":\"https:\/\/licaflex.com\/#organization\",\"name\":\"LicaFlex Packaging\",\"url\":\"https:\/\/licaflex.com\/\",\"logo\":{\"@type\":\"ImageObject\",\"inLanguage\":\"fr-FR\",\"@id\":\"https:\/\/licaflex.com\/#\/schema\/logo\/image\/\",\"url\":\"https:\/\/licaflex.com\/wp-content\/uploads\/2021\/03\/Vertical-Transparent-PNG.png\",\"contentUrl\":\"https:\/\/licaflex.com\/wp-content\/uploads\/2021\/03\/Vertical-Transparent-PNG.png\",\"width\":4740,\"height\":2386,\"caption\":\"LicaFlex Packaging\"},\"image\":{\"@id\":\"https:\/\/licaflex.com\/#\/schema\/logo\/image\/\"}}]}<\/script>\n<!-- \/ Yoast SEO plugin. -->","yoast_head_json":{"title":"Contactez-nous - LicaFlex Packaging - Fabricant d'emballages Souples","description":"Vous cherchez un fabricant d'emballages souples ? Contactez-nous aujourd'hui. Nos consultants vous offriront une solution personalis\u00e9e.","robots":{"index":"index","follow":"follow","max-snippet":"max-snippet:-1","max-image-preview":"max-image-preview:large","max-video-preview":"max-video-preview:-1"},"canonical":"https:\/\/licaflex.com\/contact-us\/","og_locale":"fr_FR","og_type":"article","og_title":"Contactez-nous - LicaFlex Packaging - Fabricant d'emballages Souples","og_description":"Vous cherchez un fabricant d'emballages souples ? Contactez-nous aujourd'hui. Nos consultants vous offriront une solution personalis\u00e9e.","og_url":"https:\/\/licaflex.com\/contact-us\/","og_site_name":"LicaFlex Packaging","article_modified_time":"2021-05-05T22:01:58+00:00","og_image":[{"url":"https:\/\/licaflex.com\/wp-content\/uploads\/2021\/03\/cnt_img_001.jpg","type":"","width":"","height":""}],"twitter_card":"summary_large_image","twitter_misc":{"Dur\u00e9e de lecture estim\u00e9e":"1 minute"},"schema":{"@context":"https:\/\/schema.org","@graph":[{"@type":["WebPage","ContactPage"],"@id":"https:\/\/licaflex.com\/contact-us\/","url":"https:\/\/licaflex.com\/contact-us\/","name":"Contactez-nous - LicaFlex Packaging - Fabricant d'emballages Souples","isPartOf":{"@id":"https:\/\/licaflex.com\/#website"},"primaryImageOfPage":{"@id":"https:\/\/licaflex.com\/contact-us\/#primaryimage"},"image":{"@id":"https:\/\/licaflex.com\/contact-us\/#primaryimage"},"thumbnailUrl":"https:\/\/licaflex.com\/wp-content\/uploads\/2021\/03\/cnt_img_001.jpg","datePublished":"2021-02-21T22:32:07+00:00","dateModified":"2021-05-05T22:01:58+00:00","description":"Vous cherchez un fabricant d'emballages souples ? Contactez-nous aujourd'hui. Nos consultants vous offriront une solution personalis\u00e9e.","breadcrumb":{"@id":"https:\/\/licaflex.com\/contact-us\/#breadcrumb"},"inLanguage":"fr-FR","potentialAction":[{"@type":"ReadAction","target":["https:\/\/licaflex.com\/contact-us\/"]}]},{"@type":"ImageObject","inLanguage":"fr-FR","@id":"https:\/\/licaflex.com\/contact-us\/#primaryimage","url":"https:\/\/licaflex.com\/wp-content\/uploads\/2021\/03\/cnt_img_001.jpg","contentUrl":"https:\/\/licaflex.com\/wp-content\/uploads\/2021\/03\/cnt_img_001.jpg"},{"@type":"BreadcrumbList","@id":"https:\/\/licaflex.com\/contact-us\/#breadcrumb","itemListElement":[{"@type":"ListItem","position":1,"name":"Home","item":"https:\/\/licaflex.com\/"},{"@type":"ListItem","position":2,"name":"Contactez-nous"}]},{"@type":"WebSite","@id":"https:\/\/licaflex.com\/#website","url":"https:\/\/licaflex.com\/","name":"LicaFlex Packaging","description":"Flexible Packaging Manufacturer","publisher":{"@id":"https:\/\/licaflex.com\/#organization"},"potentialAction":[{"@type":"SearchAction","target":{"@type":"EntryPoint","urlTemplate":"https:\/\/licaflex.com\/?s={search_term_string}"},"query-input":{"@type":"PropertyValueSpecification","valueRequired":true,"valueName":"search_term_string"}}],"inLanguage":"fr-FR"},{"@type":"Organization","@id":"https:\/\/licaflex.com\/#organization","name":"LicaFlex Packaging","url":"https:\/\/licaflex.com\/","logo":{"@type":"ImageObject","inLanguage":"fr-FR","@id":"https:\/\/licaflex.com\/#\/schema\/logo\/image\/","url":"https:\/\/licaflex.com\/wp-content\/uploads\/2021\/03\/Vertical-Transparent-PNG.png","contentUrl":"https:\/\/licaflex.com\/wp-content\/uploads\/2021\/03\/Vertical-Transparent-PNG.png","width":4740,"height":2386,"caption":"LicaFlex Packaging"},"image":{"@id":"https:\/\/licaflex.com\/#\/schema\/logo\/image\/"}}]}},"_links":{"self":[{"href":"https:\/\/licaflex.com\/fr\/wp-json\/wp\/v2\/pages\/206","targetHints":{"allow":["GET"]}}],"collection":[{"href":"https:\/\/licaflex.com\/fr\/wp-json\/wp\/v2\/pages"}],"about":[{"href":"https:\/\/licaflex.com\/fr\/wp-json\/wp\/v2\/types\/page"}],"author":[{"embeddable":true,"href":"https:\/\/licaflex.com\/fr\/wp-json\/wp\/v2\/users\/1"}],"replies":[{"embeddable":true,"href":"https:\/\/licaflex.com\/fr\/wp-json\/wp\/v2\/comments?post=206"}],"version-history":[{"count":27,"href":"https:\/\/licaflex.com\/fr\/wp-json\/wp\/v2\/pages\/206\/revisions"}],"predecessor-version":[{"id":774,"href":"https:\/\/licaflex.com\/fr\/wp-json\/wp\/v2\/pages\/206\/revisions\/774"}],"wp:attachment":[{"href":"https:\/\/licaflex.com\/fr\/wp-json\/wp\/v2\/media?parent=206"}],"curies":[{"name":"wp","href":"https:\/\/api.w.org\/{rel}","templated":true}]}}