{"id":211,"date":"2021-02-21T22:31:10","date_gmt":"2021-02-21T22:31:10","guid":{"rendered":"https:\/\/licaflex.com\/technologies\/"},"modified":"2021-03-19T11:34:11","modified_gmt":"2021-03-19T15:34:11","slug":"technologies","status":"publish","type":"page","link":"https:\/\/licaflex.com\/fr\/technologies\/","title":{"rendered":"Technologies"},"content":{"rendered":"\n<h1>\n\t\tTechnologies\n\t<\/h1>\n<h2>\n\t\tInt\u00e9gr\u00e9 verticalement, tous les processus sous un m\u00eame toit\n\t<\/h2>\n\t\t\t\t<img loading=\"lazy\" decoding=\"async\" src=\"https:\/\/licaflex.com\/wp-content\/uploads\/2021\/03\/hm_img_007.jpg\" alt=\"licaflex licaplast flexible packaging manufacturer\" itemprop=\"image\" height=\"650\" width=\"536\" title=\"hm_img_007\" onerror=\"this.style.display='none'\"  \/>\n\t<p>Notre d\u00e9lai de fabrication est parmi les plus rapide de l&rsquo;industrie de l&#8217;emballage flexible, sans compromettre la qualit\u00e9 et la performance.<\/p>\n<p>Nous g\u00e9rons l&rsquo;ensemble du processus d&#8217;emballage \u00e0 l&rsquo;interne, de l&rsquo;extrusion \u00e0 la fabrication de sacs et rouleaux imprim\u00e9s.<\/p>\n\t\t\t\t<img loading=\"lazy\" decoding=\"async\" src=\"https:\/\/licaflex.com\/wp-content\/uploads\/2021\/03\/tec_img_005.jpg\" alt=\"tec_img_005\" itemprop=\"image\" height=\"600\" width=\"536\" title=\"tec_img_005\" onerror=\"this.style.display='none'\"  \/>\n<h2>\n\t\t\u00c9quipement d&rsquo;extrusion\n\t<\/h2>\n\t<p>L&rsquo;extrusion est un proc\u00e9d\u00e9 de fabrication m\u00e9canique par lequel un mat\u00e9riau compress\u00e9 est contraint de traverser une fili\u00e8re pour produire un ruban continu du produit final.<\/p>\n\t<p>Il est utilis\u00e9 pour cr\u00e9er des objets avec un profil transversal. Il donne un produit final avec une finition de surface superbe. Licaflex cherche \u00e0 investir dans les \u00e9quipements les plus performants et de haute qualit\u00e9 pour produire des emballages fiables pour nos clients.<\/p>\n<h2>\n\t\t\u00c9quipement d&rsquo;impression\n\t<\/h2>\n\t<p>Dans un march\u00e9 concurrentiel, la conception d&rsquo;\u00e9tiquettes et d&#8217;emballage font toute la diff\u00e9rence en termes d&rsquo;apparence et d&rsquo;attirance. D\u00e8s le d\u00e9but du processus de conception jusqu&rsquo;au lancement sur le march\u00e9, Licaflex s&rsquo;engage \u00e0 livrer un produit final qui correspond \u00e0 l&rsquo;image de votre entreprise et de vos valeurs, et apportera de la satisfaction \u00e0 vos consommateurs.<\/p>\n<h3>\n\t\tTypes de presse:\n\t<\/h3>\n\t<p>CI Flexo avec largeurs d&rsquo;impression jusqu&rsquo;\u00e0 65 pouces<\/p>\n<h3>\n\t\tNombre de couleurs:\n\t<\/h3>\n\t<p>jusqu&rsquo;\u00e0 10 couleurs<\/p>\n\t\t\t\t<img loading=\"lazy\" decoding=\"async\" src=\"https:\/\/licaflex.com\/wp-content\/uploads\/2021\/03\/tec_img_006.jpg\" alt=\"tec_img_006\" itemprop=\"image\" height=\"600\" width=\"536\" title=\"tec_img_006\" onerror=\"this.style.display='none'\"  \/>\n\t\t\t\t<img loading=\"lazy\" decoding=\"async\" src=\"https:\/\/licaflex.com\/wp-content\/uploads\/2021\/03\/tec_img_007.jpg\" alt=\"flexo print flexible packaging licaflex\" itemprop=\"image\" height=\"600\" width=\"536\" title=\"tec_img_007\" onerror=\"this.style.display='none'\"  \/>\n<h2>\n\t\t\u00c9quipement de laminage\n\t<\/h2>\n\t<p>Le laminage est la proc\u00e9dure par laquelle deux ou plusieurs mat\u00e9riaux d&#8217;emballage flexibles sont combin\u00e9s \u00e0 l&rsquo;aide d&rsquo;un agent de liaison. Ces mat\u00e9riaux peuvent \u00eatre des films, des papiers, de l&rsquo;aluminium. Il y a une grande vari\u00e9t\u00e9 d&rsquo;utilisations pour l&#8217;emballage lamin\u00e9 dans le march\u00e9 de l&rsquo;aliment et bien plus. Licaflex s&rsquo;assure de r\u00e9pondre aux exigences sp\u00e9cifiques pour offrir le maximum d&rsquo;efficacit\u00e9 et de la qualit\u00e9 dans ce processus.<\/p>\n\t\n<h2>\n\t\t\u00c9quipement de conception de sacs\n\t<\/h2>\n\t<p>Licaflex, un fournisseur d&#8217;emballage enti\u00e8rement int\u00e9gr\u00e9, convertit les laminages de qualit\u00e9 et films pour produire une grande vari\u00e9t\u00e9 de sacs pour tous vos besoins d&#8217;emballage. Pour satisfaire le consommateur final, nos sacs sont de toutes formes et tailles, et sont enti\u00e8rement personnalisables pour assurer un meilleur confort et de la meilleure stabilit\u00e9 sur l&rsquo;\u00e9tag\u00e8re.<\/p>\n\t<p>Notre \u00e9quipement de fabrication de sacs d&#8217;emballage est capable de produire des sachets avec ou sans fonction de fermeture et de produire des poign\u00e9es sp\u00e9ciales.<\/p>\n\t\t\t\t<img loading=\"lazy\" decoding=\"async\" src=\"https:\/\/licaflex.com\/wp-content\/uploads\/2021\/03\/tec_img_008.jpg\" alt=\"tec_img_008\" itemprop=\"image\" height=\"600\" width=\"536\" title=\"tec_img_008\" onerror=\"this.style.display='none'\"  \/>\n\t\t\t\t<img loading=\"lazy\" decoding=\"async\" src=\"https:\/\/licaflex.com\/wp-content\/uploads\/2021\/03\/tec_img_010.jpg\" alt=\"tec_img_010\" itemprop=\"image\" height=\"600\" width=\"536\" title=\"tec_img_010\" onerror=\"this.style.display='none'\"  \/>\n<h2>\n\t\tD\u00e9coupage &#038; pliage\n\t<\/h2>\n\t<p>Nos machines de d\u00e9coupage et de pliage coupent la paroi lat\u00e9rale d&rsquo;une fermeture en plastique avec une lame courb\u00e9e. Cette lame a une programmation sp\u00e9cifique qui se traduira par un montant fixe de fentes qui sera coup\u00e9 dans la mati\u00e8re plastique, et la cr\u00e9ation d&rsquo;indicateurs d&rsquo;ouverture.<\/p>\n\t<p>Lors de l&rsquo;ouverture, ces indicateurs se brisent et laissent des traces d&rsquo;effraction pour que le consommateur puisse reconna\u00eetre que le produit a \u00e9t\u00e9 ouvert. Notre technologie assure une bonne \u00e9tanch\u00e9it\u00e9 pour vos produits qui n\u00e9cessitent de telles fermetures en plastique.<\/p>\n\n","protected":false},"excerpt":{"rendered":"<p>Technologies Int\u00e9gr\u00e9 verticalement, tous les processus sous un m\u00eame toit Notre d\u00e9lai de fabrication est parmi les plus rapide de l&rsquo;industrie de l&#8217;emballage flexible, sans compromettre la qualit\u00e9 et la performance. Nous g\u00e9rons l&rsquo;ensemble du processus d&#8217;emballage \u00e0 l&rsquo;interne, de l&rsquo;extrusion \u00e0 la fabrication de sacs et rouleaux imprim\u00e9s. \u00c9quipement d&rsquo;extrusion L&rsquo;extrusion est un proc\u00e9d\u00e9&hellip;<\/p>\n","protected":false},"author":1,"featured_media":0,"parent":0,"menu_order":0,"comment_status":"closed","ping_status":"closed","template":"","meta":{"footnotes":""},"class_list":["post-211","page","type-page","status-publish","hentry"],"yoast_head":"<!-- This site is optimized with the Yoast SEO plugin v26.1 - https:\/\/yoast.com\/wordpress\/plugins\/seo\/ -->\n<title>Technologies - LicaFlex Packaging<\/title>\n<meta name=\"robots\" content=\"index, follow, max-snippet:-1, max-image-preview:large, max-video-preview:-1\" \/>\n<link rel=\"canonical\" href=\"https:\/\/licaflex.com\/technologies\/\" \/>\n<meta property=\"og:locale\" content=\"fr_FR\" \/>\n<meta property=\"og:type\" content=\"article\" \/>\n<meta property=\"og:title\" content=\"Technologies - LicaFlex Packaging\" \/>\n<meta property=\"og:description\" content=\"Technologies Int\u00e9gr\u00e9 verticalement, tous les processus sous un m\u00eame toit Notre d\u00e9lai de fabrication est parmi les plus rapide de l&rsquo;industrie de l&#8217;emballage flexible, sans compromettre la qualit\u00e9 et la performance. Nous g\u00e9rons l&rsquo;ensemble du processus d&#8217;emballage \u00e0 l&rsquo;interne, de l&rsquo;extrusion \u00e0 la fabrication de sacs et rouleaux imprim\u00e9s. \u00c9quipement d&rsquo;extrusion L&rsquo;extrusion est un proc\u00e9d\u00e9&hellip;\" \/>\n<meta property=\"og:url\" content=\"https:\/\/licaflex.com\/technologies\/\" \/>\n<meta property=\"og:site_name\" content=\"LicaFlex Packaging\" \/>\n<meta property=\"article:modified_time\" content=\"2021-03-19T15:34:11+00:00\" \/>\n<meta property=\"og:image\" content=\"https:\/\/licaflex.com\/wp-content\/uploads\/2021\/03\/hm_img_007.jpg\" \/>\n<meta name=\"twitter:card\" content=\"summary_large_image\" \/>\n<meta name=\"twitter:label1\" content=\"Dur\u00e9e de lecture estim\u00e9e\" \/>\n\t<meta name=\"twitter:data1\" content=\"2 minutes\" \/>\n<script type=\"application\/ld+json\" class=\"yoast-schema-graph\">{\"@context\":\"https:\/\/schema.org\",\"@graph\":[{\"@type\":\"WebPage\",\"@id\":\"https:\/\/licaflex.com\/technologies\/\",\"url\":\"https:\/\/licaflex.com\/technologies\/\",\"name\":\"Technologies - LicaFlex Packaging\",\"isPartOf\":{\"@id\":\"https:\/\/licaflex.com\/#website\"},\"primaryImageOfPage\":{\"@id\":\"https:\/\/licaflex.com\/technologies\/#primaryimage\"},\"image\":{\"@id\":\"https:\/\/licaflex.com\/technologies\/#primaryimage\"},\"thumbnailUrl\":\"https:\/\/licaflex.com\/wp-content\/uploads\/2021\/03\/hm_img_007.jpg\",\"datePublished\":\"2021-02-21T22:31:10+00:00\",\"dateModified\":\"2021-03-19T15:34:11+00:00\",\"breadcrumb\":{\"@id\":\"https:\/\/licaflex.com\/technologies\/#breadcrumb\"},\"inLanguage\":\"fr-FR\",\"potentialAction\":[{\"@type\":\"ReadAction\",\"target\":[\"https:\/\/licaflex.com\/technologies\/\"]}]},{\"@type\":\"ImageObject\",\"inLanguage\":\"fr-FR\",\"@id\":\"https:\/\/licaflex.com\/technologies\/#primaryimage\",\"url\":\"https:\/\/licaflex.com\/wp-content\/uploads\/2021\/03\/hm_img_007.jpg\",\"contentUrl\":\"https:\/\/licaflex.com\/wp-content\/uploads\/2021\/03\/hm_img_007.jpg\"},{\"@type\":\"BreadcrumbList\",\"@id\":\"https:\/\/licaflex.com\/technologies\/#breadcrumb\",\"itemListElement\":[{\"@type\":\"ListItem\",\"position\":1,\"name\":\"Home\",\"item\":\"https:\/\/licaflex.com\/\"},{\"@type\":\"ListItem\",\"position\":2,\"name\":\"Technologies\"}]},{\"@type\":\"WebSite\",\"@id\":\"https:\/\/licaflex.com\/#website\",\"url\":\"https:\/\/licaflex.com\/\",\"name\":\"LicaFlex Packaging\",\"description\":\"Flexible Packaging Manufacturer\",\"publisher\":{\"@id\":\"https:\/\/licaflex.com\/#organization\"},\"potentialAction\":[{\"@type\":\"SearchAction\",\"target\":{\"@type\":\"EntryPoint\",\"urlTemplate\":\"https:\/\/licaflex.com\/?s={search_term_string}\"},\"query-input\":{\"@type\":\"PropertyValueSpecification\",\"valueRequired\":true,\"valueName\":\"search_term_string\"}}],\"inLanguage\":\"fr-FR\"},{\"@type\":\"Organization\",\"@id\":\"https:\/\/licaflex.com\/#organization\",\"name\":\"LicaFlex Packaging\",\"url\":\"https:\/\/licaflex.com\/\",\"logo\":{\"@type\":\"ImageObject\",\"inLanguage\":\"fr-FR\",\"@id\":\"https:\/\/licaflex.com\/#\/schema\/logo\/image\/\",\"url\":\"https:\/\/licaflex.com\/wp-content\/uploads\/2021\/03\/Vertical-Transparent-PNG.png\",\"contentUrl\":\"https:\/\/licaflex.com\/wp-content\/uploads\/2021\/03\/Vertical-Transparent-PNG.png\",\"width\":4740,\"height\":2386,\"caption\":\"LicaFlex Packaging\"},\"image\":{\"@id\":\"https:\/\/licaflex.com\/#\/schema\/logo\/image\/\"}}]}<\/script>\n<!-- \/ Yoast SEO plugin. -->","yoast_head_json":{"title":"Technologies - LicaFlex Packaging","robots":{"index":"index","follow":"follow","max-snippet":"max-snippet:-1","max-image-preview":"max-image-preview:large","max-video-preview":"max-video-preview:-1"},"canonical":"https:\/\/licaflex.com\/technologies\/","og_locale":"fr_FR","og_type":"article","og_title":"Technologies - LicaFlex Packaging","og_description":"Technologies Int\u00e9gr\u00e9 verticalement, tous les processus sous un m\u00eame toit Notre d\u00e9lai de fabrication est parmi les plus rapide de l&rsquo;industrie de l&#8217;emballage flexible, sans compromettre la qualit\u00e9 et la performance. Nous g\u00e9rons l&rsquo;ensemble du processus d&#8217;emballage \u00e0 l&rsquo;interne, de l&rsquo;extrusion \u00e0 la fabrication de sacs et rouleaux imprim\u00e9s. \u00c9quipement d&rsquo;extrusion L&rsquo;extrusion est un proc\u00e9d\u00e9&hellip;","og_url":"https:\/\/licaflex.com\/technologies\/","og_site_name":"LicaFlex Packaging","article_modified_time":"2021-03-19T15:34:11+00:00","og_image":[{"url":"https:\/\/licaflex.com\/wp-content\/uploads\/2021\/03\/hm_img_007.jpg","type":"","width":"","height":""}],"twitter_card":"summary_large_image","twitter_misc":{"Dur\u00e9e de lecture estim\u00e9e":"2 minutes"},"schema":{"@context":"https:\/\/schema.org","@graph":[{"@type":"WebPage","@id":"https:\/\/licaflex.com\/technologies\/","url":"https:\/\/licaflex.com\/technologies\/","name":"Technologies - LicaFlex Packaging","isPartOf":{"@id":"https:\/\/licaflex.com\/#website"},"primaryImageOfPage":{"@id":"https:\/\/licaflex.com\/technologies\/#primaryimage"},"image":{"@id":"https:\/\/licaflex.com\/technologies\/#primaryimage"},"thumbnailUrl":"https:\/\/licaflex.com\/wp-content\/uploads\/2021\/03\/hm_img_007.jpg","datePublished":"2021-02-21T22:31:10+00:00","dateModified":"2021-03-19T15:34:11+00:00","breadcrumb":{"@id":"https:\/\/licaflex.com\/technologies\/#breadcrumb"},"inLanguage":"fr-FR","potentialAction":[{"@type":"ReadAction","target":["https:\/\/licaflex.com\/technologies\/"]}]},{"@type":"ImageObject","inLanguage":"fr-FR","@id":"https:\/\/licaflex.com\/technologies\/#primaryimage","url":"https:\/\/licaflex.com\/wp-content\/uploads\/2021\/03\/hm_img_007.jpg","contentUrl":"https:\/\/licaflex.com\/wp-content\/uploads\/2021\/03\/hm_img_007.jpg"},{"@type":"BreadcrumbList","@id":"https:\/\/licaflex.com\/technologies\/#breadcrumb","itemListElement":[{"@type":"ListItem","position":1,"name":"Home","item":"https:\/\/licaflex.com\/"},{"@type":"ListItem","position":2,"name":"Technologies"}]},{"@type":"WebSite","@id":"https:\/\/licaflex.com\/#website","url":"https:\/\/licaflex.com\/","name":"LicaFlex Packaging","description":"Flexible Packaging Manufacturer","publisher":{"@id":"https:\/\/licaflex.com\/#organization"},"potentialAction":[{"@type":"SearchAction","target":{"@type":"EntryPoint","urlTemplate":"https:\/\/licaflex.com\/?s={search_term_string}"},"query-input":{"@type":"PropertyValueSpecification","valueRequired":true,"valueName":"search_term_string"}}],"inLanguage":"fr-FR"},{"@type":"Organization","@id":"https:\/\/licaflex.com\/#organization","name":"LicaFlex Packaging","url":"https:\/\/licaflex.com\/","logo":{"@type":"ImageObject","inLanguage":"fr-FR","@id":"https:\/\/licaflex.com\/#\/schema\/logo\/image\/","url":"https:\/\/licaflex.com\/wp-content\/uploads\/2021\/03\/Vertical-Transparent-PNG.png","contentUrl":"https:\/\/licaflex.com\/wp-content\/uploads\/2021\/03\/Vertical-Transparent-PNG.png","width":4740,"height":2386,"caption":"LicaFlex Packaging"},"image":{"@id":"https:\/\/licaflex.com\/#\/schema\/logo\/image\/"}}]}},"_links":{"self":[{"href":"https:\/\/licaflex.com\/fr\/wp-json\/wp\/v2\/pages\/211","targetHints":{"allow":["GET"]}}],"collection":[{"href":"https:\/\/licaflex.com\/fr\/wp-json\/wp\/v2\/pages"}],"about":[{"href":"https:\/\/licaflex.com\/fr\/wp-json\/wp\/v2\/types\/page"}],"author":[{"embeddable":true,"href":"https:\/\/licaflex.com\/fr\/wp-json\/wp\/v2\/users\/1"}],"replies":[{"embeddable":true,"href":"https:\/\/licaflex.com\/fr\/wp-json\/wp\/v2\/comments?post=211"}],"version-history":[{"count":13,"href":"https:\/\/licaflex.com\/fr\/wp-json\/wp\/v2\/pages\/211\/revisions"}],"predecessor-version":[{"id":656,"href":"https:\/\/licaflex.com\/fr\/wp-json\/wp\/v2\/pages\/211\/revisions\/656"}],"wp:attachment":[{"href":"https:\/\/licaflex.com\/fr\/wp-json\/wp\/v2\/media?parent=211"}],"curies":[{"name":"wp","href":"https:\/\/api.w.org\/{rel}","templated":true}]}}