{"id":235,"date":"2021-02-21T21:57:19","date_gmt":"2021-02-21T21:57:19","guid":{"rendered":"https:\/\/licaflex.com\/home\/"},"modified":"2021-06-08T01:17:55","modified_gmt":"2021-06-08T05:17:55","slug":"fabricant-demballages-flexible","status":"publish","type":"page","link":"https:\/\/licaflex.com\/fr\/","title":{"rendered":"Home"},"content":{"rendered":"\n\n\t<p>Emballage LICAFLEX<\/p>\n<h1>\n\t\tPlus flexibles que nos emballages\n\t<\/h1>\n\t\t\t<a href=\"\/fr\/produits\/\" role=\"button\" target=\"_self\" onclick=\"\" rel=\"noopener\">\n\t\t\t\t\t\t\t\t\t\t\t\t\t\t\t\t\t\t\t\t\t\tProduits\n\t\t\t\t\t\t\t<\/a>\n\t\t\t<a href=\"\/fr\/technologies\/\" role=\"button\" target=\"_self\" onclick=\"\" rel=\"noopener\">\n\t\t\t\t\t\t\t\t\t\t\t\t\t\t\t\t\t\t\t\t\t\tTechnologies\n\t\t\t\t\t\t\t<\/a>\n\t\t\t<video src=\"https:\/\/licaflex.com\/wp-content\/uploads\/2021\/02\/Sequence-02_2.mp4\" autoplay=\"\" webkit-playsinline=\"\" playsinline=\"\" loop=\"\" muted=\"muted\" controlsList=\"nodownload\" poster=\"\" preload=\"none\"><\/video>\n<h3>\n\t\tUne vision ancr\u00e9e par la tradition\n\t<\/h3>\n\t<p>En Am\u00e9rique du Nord, les marques les plus importantes choisissent Licaplast pour nos solutions innovatrices en emballage flexible dont nous sommes si fiers d&rsquo;offrir<\/p>\n\t<p>Depuis 1988, Licaplast a \u00e9t\u00e9 un chef de file dans l&rsquo;industrie autant dans les march\u00e9s canadiens que dans les march\u00e9s am\u00e9ricains. En offrant les technologies les plus r\u00e9centes, nous produisons des films souples pour l&#8217;emballage, pour l&rsquo;impression et pour les applications sp\u00e9cialis\u00e9es. Nous sommes heureux de pouvoir dire qu&rsquo;aujourd&rsquo;hui, Licaplast est l&rsquo;un des fournisseurs de premier plan, offrant un service de qualit\u00e9 \u00e0 nos clients autour du globe.<\/p>\n\t<p>Nous avons un objectif fixe et une concentration v\u00e9ritable envers nos clients. Notre strat\u00e9gie est simple : nous voulons vous aider \u00e0 r\u00e9ussir. Nous sommes d\u00e9dies \u00e0 vous offrir des solutions sp\u00e9cialis\u00e9es, tout en utilisant des moyens innovants pour mieux vous servir.Notre site Web est con\u00e7u pour vous donner la chance d&rsquo;apprendre \u00e0 nous conna\u00eetre et vous familiariser avec notre gamme de produits et services. Nous sommes toujours int\u00e9ress\u00e9s de discuter vos besoins d&#8217;emballage ! Laissez-nous vous proposer une solution personnalis\u00e9e, et vous allez constater que \u00ab nous sommes plus flexibles que nos emballages \u00bb.<\/p>\n\t\t\t<a href=\"\/fr\/about-us\/\" target=\"_self\" role=\"button\" rel=\"noopener\">\n\t\t\t\t\t\t\tEn savoir plus\n\t\t\t\t\t<\/a>\n\t\t\t\t\t\t\t\t\t\t<img decoding=\"async\" src=\"https:\/\/licaflex.com\/wp-content\/uploads\/2021\/03\/hm_img_003.png\" alt=\"\u00abNous sommes plus flexibles que nos emballages\u00bb.\n&lt;b&gt;LicaFlex Packaging&lt;\/b&gt;\" itemprop=\"image\"  \/>\n\t\t\t\t\t\t\t\t\t\t\t\t\t\u00abNous sommes plus flexibles que nos emballages\u00bb.\n<b>LicaFlex Packaging<\/b>\n<h2>\n\t\tCe qui fait de nous le meilleur\n\t<\/h2>\n<h4>\n\t\tInt\u00e9gr\u00e9 <br \/>verticalement\n\t<\/h4>\n<h4>\n\t\tLivraison juste <br \/> \u00e0 temps\n\t<\/h4>\n<h4>\n\t\tUne orientation <br \/> client in\u00e9gal\u00e9e\n\t<\/h4>\n<h4>\n\t\tDes employ\u00e9s <br \/> hautement qualifi\u00e9s\n\t<\/h4>\n<h2>\n\t\tNos march\u00e9s\n\t<\/h2>\n<h4>\n\t\tBoisson\n\t<\/h4>\n<h4>\n\t\tIndustrie\n\t<\/h4>\n<h4>\n\t\tAliments\n\t<\/h4>\n<h4>\n\t\tLa nourriture pour animaux\n\t<\/h4>\n<h4>\n\t\tSoins personnels\n\t<\/h4>\n<h4>\n\t\tBoulangerie\n\t<\/h4>\n<h4>\n\t\tCollations\n\t<\/h4>\n<h4>\n\t\t Du fromage\n\t<\/h4>\n<h4>\n\t\tProduits de mer\n\t<\/h4>\n<h4>\n\t\tCaf\u00e9\n\t<\/h4>\n<h4>\n\t\tPelouse &#038; Jardin\n\t<\/h4>\n\t\t\t<a href=\"https:\/\/licaflex.com\/fr\/marches\/\" target=\"_self\" role=\"button\" rel=\"noopener\">\n\t\t\t\t\t\t\tNos march\u00e9s\n\t\t\t\t\t<\/a>\n<h2>\n\t\tNos produits\n\t<\/h2>\n\t<p>De l&rsquo;extrusion jusqu&rsquo;\u00e0 la conversion de mati\u00e8res plastiques en sacs \u00e0 base de r\u00e9sine, nous sommes un manufacturier d&#8217;emballages s&rsquo;occupant de la gestion du processus entier de production.<\/p>\n                        \t<img decoding=\"async\" src=\"https:\/\/licaflex.com\/wp-content\/uploads\/2021\/03\/Wicket_Bag_Mockup_370x380-997x1024.png\" alt=\"<h4\/>Sacs de plastique \u00abwicket\u00bb Boulangerie, Produits laitiers&#8230;\u00a0\u00bb data-no-lazy=\u00a0\u00bb1&Prime; \/>\n                            \n                                <h4>Sacs de plastique \u00abwicket\u00bb<\/h4> Boulangerie, Produits laitiers&#8230;                            \n                        \t<img decoding=\"async\" src=\"https:\/\/licaflex.com\/wp-content\/uploads\/2021\/03\/Standup-Pouch-Bag-Mockup_370x380-997x1024.png\" alt=\"<h4\/>Sachets \u00e0 fond plat Snack, Granola, G\u00e2teries pour animaux, caf\u00e9&#8230;\u00a0\u00bb data-no-lazy=\u00a0\u00bb1&Prime; \/>\n                            \n                                <h4>Sachets \u00e0 fond plat<\/h4> Snack, Granola, G\u00e2teries pour animaux, caf\u00e9&#8230;                            \n                        \t<img decoding=\"async\" src=\"https:\/\/licaflex.com\/wp-content\/uploads\/2021\/03\/Shrink_Film_Mockup_370x380-997x1024.png\" alt=\"<h4\/> Film r\u00e9tractable   Boisson, industrie \u00a0\u00bb data-no-lazy=\u00a0\u00bb1&Prime; \/>\n                            \n                                <h4> Film r\u00e9tractable <\/h4>  Boisson, industrie                             \n                        \t<img decoding=\"async\" src=\"https:\/\/licaflex.com\/wp-content\/uploads\/2021\/03\/Roll_Stock_Mockup_370x380-997x1024.png\" alt=\"<h4\/> Rouleaux stock   Agriculture, collations, pelouse &#038; jardin, produits d&rsquo;hygi\u00e8ne, viande &#038; volaille \u00a0\u00bb data-no-lazy=\u00a0\u00bb1&Prime; \/>\n                            \n                                <h4> Rouleaux stock <\/h4>  Agriculture, collations, pelouse &#038; jardin, produits d&rsquo;hygi\u00e8ne, viande &#038; volaille                             \n                        \t<img decoding=\"async\" src=\"https:\/\/licaflex.com\/wp-content\/uploads\/2021\/03\/Heavy_duty_bags_mockup_370x380.png\" alt=\"<h4\/> Sacs QUAD SEAL   Agriculture, aliments pour animaux, pelouse et jardin&#8230; \u00a0\u00bb data-no-lazy=\u00a0\u00bb1&Prime; \/>\n                            \n                                <h4> Sacs QUAD SEAL <\/h4>  Agriculture, aliments pour animaux, pelouse et jardin&#8230;                             \n                        \t<img decoding=\"async\" src=\"https:\/\/licaflex.com\/wp-content\/uploads\/2021\/03\/Licaflex_mockup_new-01-1024x1024.jpg\" alt=\"<h4\/>  Pochette plate  Jerky, cosmetique, fruits de mer&#8230;\u00a0\u00bb data-no-lazy=\u00a0\u00bb1&Prime; \/>\n                            \n                                <h4>  Pochette plate  <\/h4>Jerky, cosmetique, fruits de mer&#8230;                            \n                        \t<img decoding=\"async\" src=\"https:\/\/licaflex.com\/wp-content\/uploads\/2021\/06\/Heavy-duty-bag-with-handle-292x300.png\" alt=\"<h4\/> Sac Robuste avec Poign\u00e9e Jardin et Pelouse&#8230;\u00a0\u00bb data-no-lazy=\u00a0\u00bb1&Prime; \/>\n                            \n                                <h4> Sac Robuste avec Poign\u00e9e <\/h4>Jardin et Pelouse&#8230;                            \n                        \t<img decoding=\"async\" src=\"https:\/\/licaflex.com\/wp-content\/uploads\/2021\/06\/Regular-Heavy-Duty-bag-292x300.png\" alt=\"<h4\/> Sac Robuste Standard Jerky, cosmetics, candies&#8230;\u00a0\u00bb data-no-lazy=\u00a0\u00bb1&Prime; \/>\n                            \n                                <h4> Sac Robuste Standard <\/h4>Jerky, cosmetics, candies&#8230;                            \n\t\t\t<a href=\"https:\/\/licaflex.com\/fr\/produits\/\" target=\"_self\" role=\"button\" rel=\"noopener\">\n\t\t\t\t\t\t\tNos produits\n\t\t\t\t\t<\/a>\n\t\t\t\t<h2><\/h2>\n\t\t\t\t\t\t\t\t\t\t\t\t\t\t\t\t\t\t\t<p>Merci \u00e0 tout le monde chez licaflex pour <br \/>l&rsquo;excellent travail.<\/p>\n\t\t\t\t\t\t\t\t\t\t\t\t\t\t\t\t\t<h3>Coca Cola Company<\/h3>\n\t\t\t\t<!-- \/.pp-testimonials -->\n<h2>\n\t\tNos technologies\n\t<\/h2>\n\t<p>Sans compromettre la qualit\u00e9 et la performance, nous g\u00e9rons l&rsquo;ensemble du processus d&#8217;emballage \u00e0 l&rsquo;interne et nous sommes fiers dans nos capacit\u00e9s ci-dessous.<\/p>\n\t\t<ul>\n\t\t\t\t\t<li>\n\t\t\t\tExtrusion\n\t\t\t<\/li>\n\t\t\t\t\t<li>\n\t\t\t\tImpression\n\t\t\t<\/li>\n\t\t\t\t\t<li>\n\t\t\t\tLaminage\n\t\t\t<\/li>\n\t\t\t\t<\/ul>\n\t\t<ul>\n\t\t\t\t\t<li>\n\t\t\t\tConception de sacs\n\t\t\t<\/li>\n\t\t\t\t\t<li>\n\t\t\t\tD\u00e9coupage &#038; pliage\n\t\t\t<\/li>\n\t\t\t\t<\/ul>\n\t\t\t<a href=\"\/fr\/technologies\/\" target=\"_self\" role=\"button\" rel=\"noopener\">\n\t\t\t\t\t\t\tEn savoir plus\n\t\t\t\t\t<\/a>\n\t\t\t\t<img loading=\"lazy\" decoding=\"async\" src=\"https:\/\/licaflex.com\/wp-content\/uploads\/2021\/03\/hm_img_007.jpg\" alt=\"licaflex licaplast flexible packaging manufacturer\" itemprop=\"image\" height=\"650\" width=\"536\" title=\"hm_img_007\" onerror=\"this.style.display='none'\"  \/>\n\n","protected":false},"excerpt":{"rendered":"<p>Emballage LICAFLEX Plus flexibles que nos emballages Produits Technologies Une vision ancr\u00e9e par la tradition En Am\u00e9rique du Nord, les marques les plus importantes choisissent Licaplast pour nos solutions innovatrices en emballage flexible dont nous sommes si fiers d&rsquo;offrir Depuis 1988, Licaplast a \u00e9t\u00e9 un chef de file dans l&rsquo;industrie autant dans les march\u00e9s canadiens&hellip;<\/p>\n","protected":false},"author":1,"featured_media":0,"parent":0,"menu_order":0,"comment_status":"closed","ping_status":"closed","template":"","meta":{"footnotes":""},"class_list":["post-235","page","type-page","status-publish","hentry"],"yoast_head":"<!-- This site is optimized with the Yoast SEO plugin v26.1 - https:\/\/yoast.com\/wordpress\/plugins\/seo\/ -->\n<title>LicaFlex - Fabricant Verticalement Int\u00e9gr\u00e9 d&#039;emballages Souples\/Flexibles<\/title>\n<meta name=\"description\" content=\"Fond\u00e9e en 1988, LicaFlex est un fabricant Nord Am\u00e9ricain d&#039;emballages souples\/flexibles. Notre d\u00e9lai de fabrication est parmi les plus rapide\" \/>\n<meta name=\"robots\" content=\"index, follow, max-snippet:-1, max-image-preview:large, max-video-preview:-1\" \/>\n<link rel=\"canonical\" href=\"https:\/\/licaflex.com\/\" \/>\n<meta property=\"og:locale\" content=\"fr_FR\" \/>\n<meta property=\"og:type\" content=\"article\" \/>\n<meta property=\"og:title\" content=\"LicaFlex - Fabricant Verticalement Int\u00e9gr\u00e9 d&#039;emballages Souples\/Flexibles\" \/>\n<meta property=\"og:description\" content=\"Fond\u00e9e en 1988, LicaFlex est un fabricant Nord Am\u00e9ricain d&#039;emballages souples\/flexibles. Notre d\u00e9lai de fabrication est parmi les plus rapide\" \/>\n<meta property=\"og:url\" content=\"https:\/\/licaflex.com\/\" \/>\n<meta property=\"og:site_name\" content=\"LicaFlex Packaging\" \/>\n<meta property=\"article:modified_time\" content=\"2021-06-08T05:17:55+00:00\" \/>\n<meta property=\"og:image\" content=\"https:\/\/licaflex.com\/wp-content\/uploads\/2021\/03\/Vertical-Transparent-PNG.png\" \/>\n\t<meta property=\"og:image:width\" content=\"4740\" \/>\n\t<meta property=\"og:image:height\" content=\"2386\" \/>\n\t<meta property=\"og:image:type\" content=\"image\/png\" \/>\n<meta name=\"twitter:card\" content=\"summary_large_image\" \/>\n<meta name=\"twitter:label1\" content=\"Dur\u00e9e de lecture estim\u00e9e\" \/>\n\t<meta name=\"twitter:data1\" content=\"2 minutes\" \/>\n<script type=\"application\/ld+json\" class=\"yoast-schema-graph\">{\"@context\":\"https:\/\/schema.org\",\"@graph\":[{\"@type\":\"WebPage\",\"@id\":\"https:\/\/licaflex.com\/\",\"url\":\"https:\/\/licaflex.com\/\",\"name\":\"LicaFlex - Fabricant Verticalement Int\u00e9gr\u00e9 d'emballages Souples\/Flexibles\",\"isPartOf\":{\"@id\":\"https:\/\/licaflex.com\/#website\"},\"primaryImageOfPage\":{\"@id\":\"https:\/\/licaflex.com\/#primaryimage\"},\"image\":{\"@id\":\"https:\/\/licaflex.com\/#primaryimage\"},\"thumbnailUrl\":\"https:\/\/licaflex.com\/wp-content\/uploads\/2021\/03\/hm_img_003.png\",\"datePublished\":\"2021-02-21T21:57:19+00:00\",\"dateModified\":\"2021-06-08T05:17:55+00:00\",\"description\":\"Fond\u00e9e en 1988, LicaFlex est un fabricant Nord Am\u00e9ricain d'emballages souples\/flexibles. Notre d\u00e9lai de fabrication est parmi les plus rapide\",\"breadcrumb\":{\"@id\":\"https:\/\/licaflex.com\/#breadcrumb\"},\"inLanguage\":\"fr-FR\",\"potentialAction\":[{\"@type\":\"ReadAction\",\"target\":[\"https:\/\/licaflex.com\/\"]}]},{\"@type\":\"ImageObject\",\"inLanguage\":\"fr-FR\",\"@id\":\"https:\/\/licaflex.com\/#primaryimage\",\"url\":\"https:\/\/licaflex.com\/wp-content\/uploads\/2021\/03\/hm_img_003.png\",\"contentUrl\":\"https:\/\/licaflex.com\/wp-content\/uploads\/2021\/03\/hm_img_003.png\"},{\"@type\":\"BreadcrumbList\",\"@id\":\"https:\/\/licaflex.com\/#breadcrumb\",\"itemListElement\":[{\"@type\":\"ListItem\",\"position\":1,\"name\":\"Home\",\"item\":\"https:\/\/licaflex.com\/\"},{\"@type\":\"ListItem\",\"position\":2,\"name\":\"Home\"}]},{\"@type\":\"WebSite\",\"@id\":\"https:\/\/licaflex.com\/#website\",\"url\":\"https:\/\/licaflex.com\/\",\"name\":\"LicaFlex Packaging\",\"description\":\"Flexible Packaging Manufacturer\",\"publisher\":{\"@id\":\"https:\/\/licaflex.com\/#organization\"},\"potentialAction\":[{\"@type\":\"SearchAction\",\"target\":{\"@type\":\"EntryPoint\",\"urlTemplate\":\"https:\/\/licaflex.com\/?s={search_term_string}\"},\"query-input\":{\"@type\":\"PropertyValueSpecification\",\"valueRequired\":true,\"valueName\":\"search_term_string\"}}],\"inLanguage\":\"fr-FR\"},{\"@type\":\"Organization\",\"@id\":\"https:\/\/licaflex.com\/#organization\",\"name\":\"LicaFlex Packaging\",\"url\":\"https:\/\/licaflex.com\/\",\"logo\":{\"@type\":\"ImageObject\",\"inLanguage\":\"fr-FR\",\"@id\":\"https:\/\/licaflex.com\/#\/schema\/logo\/image\/\",\"url\":\"https:\/\/licaflex.com\/wp-content\/uploads\/2021\/03\/Vertical-Transparent-PNG.png\",\"contentUrl\":\"https:\/\/licaflex.com\/wp-content\/uploads\/2021\/03\/Vertical-Transparent-PNG.png\",\"width\":4740,\"height\":2386,\"caption\":\"LicaFlex Packaging\"},\"image\":{\"@id\":\"https:\/\/licaflex.com\/#\/schema\/logo\/image\/\"}}]}<\/script>\n<!-- \/ Yoast SEO plugin. -->","yoast_head_json":{"title":"LicaFlex - Fabricant Verticalement Int\u00e9gr\u00e9 d'emballages Souples\/Flexibles","description":"Fond\u00e9e en 1988, LicaFlex est un fabricant Nord Am\u00e9ricain d'emballages souples\/flexibles. Notre d\u00e9lai de fabrication est parmi les plus rapide","robots":{"index":"index","follow":"follow","max-snippet":"max-snippet:-1","max-image-preview":"max-image-preview:large","max-video-preview":"max-video-preview:-1"},"canonical":"https:\/\/licaflex.com\/","og_locale":"fr_FR","og_type":"article","og_title":"LicaFlex - Fabricant Verticalement Int\u00e9gr\u00e9 d'emballages Souples\/Flexibles","og_description":"Fond\u00e9e en 1988, LicaFlex est un fabricant Nord Am\u00e9ricain d'emballages souples\/flexibles. Notre d\u00e9lai de fabrication est parmi les plus rapide","og_url":"https:\/\/licaflex.com\/","og_site_name":"LicaFlex Packaging","article_modified_time":"2021-06-08T05:17:55+00:00","og_image":[{"width":4740,"height":2386,"url":"https:\/\/licaflex.com\/wp-content\/uploads\/2021\/03\/Vertical-Transparent-PNG.png","type":"image\/png"}],"twitter_card":"summary_large_image","twitter_misc":{"Dur\u00e9e de lecture estim\u00e9e":"2 minutes"},"schema":{"@context":"https:\/\/schema.org","@graph":[{"@type":"WebPage","@id":"https:\/\/licaflex.com\/","url":"https:\/\/licaflex.com\/","name":"LicaFlex - Fabricant Verticalement Int\u00e9gr\u00e9 d'emballages Souples\/Flexibles","isPartOf":{"@id":"https:\/\/licaflex.com\/#website"},"primaryImageOfPage":{"@id":"https:\/\/licaflex.com\/#primaryimage"},"image":{"@id":"https:\/\/licaflex.com\/#primaryimage"},"thumbnailUrl":"https:\/\/licaflex.com\/wp-content\/uploads\/2021\/03\/hm_img_003.png","datePublished":"2021-02-21T21:57:19+00:00","dateModified":"2021-06-08T05:17:55+00:00","description":"Fond\u00e9e en 1988, LicaFlex est un fabricant Nord Am\u00e9ricain d'emballages souples\/flexibles. Notre d\u00e9lai de fabrication est parmi les plus rapide","breadcrumb":{"@id":"https:\/\/licaflex.com\/#breadcrumb"},"inLanguage":"fr-FR","potentialAction":[{"@type":"ReadAction","target":["https:\/\/licaflex.com\/"]}]},{"@type":"ImageObject","inLanguage":"fr-FR","@id":"https:\/\/licaflex.com\/#primaryimage","url":"https:\/\/licaflex.com\/wp-content\/uploads\/2021\/03\/hm_img_003.png","contentUrl":"https:\/\/licaflex.com\/wp-content\/uploads\/2021\/03\/hm_img_003.png"},{"@type":"BreadcrumbList","@id":"https:\/\/licaflex.com\/#breadcrumb","itemListElement":[{"@type":"ListItem","position":1,"name":"Home","item":"https:\/\/licaflex.com\/"},{"@type":"ListItem","position":2,"name":"Home"}]},{"@type":"WebSite","@id":"https:\/\/licaflex.com\/#website","url":"https:\/\/licaflex.com\/","name":"LicaFlex Packaging","description":"Flexible Packaging Manufacturer","publisher":{"@id":"https:\/\/licaflex.com\/#organization"},"potentialAction":[{"@type":"SearchAction","target":{"@type":"EntryPoint","urlTemplate":"https:\/\/licaflex.com\/?s={search_term_string}"},"query-input":{"@type":"PropertyValueSpecification","valueRequired":true,"valueName":"search_term_string"}}],"inLanguage":"fr-FR"},{"@type":"Organization","@id":"https:\/\/licaflex.com\/#organization","name":"LicaFlex Packaging","url":"https:\/\/licaflex.com\/","logo":{"@type":"ImageObject","inLanguage":"fr-FR","@id":"https:\/\/licaflex.com\/#\/schema\/logo\/image\/","url":"https:\/\/licaflex.com\/wp-content\/uploads\/2021\/03\/Vertical-Transparent-PNG.png","contentUrl":"https:\/\/licaflex.com\/wp-content\/uploads\/2021\/03\/Vertical-Transparent-PNG.png","width":4740,"height":2386,"caption":"LicaFlex Packaging"},"image":{"@id":"https:\/\/licaflex.com\/#\/schema\/logo\/image\/"}}]}},"_links":{"self":[{"href":"https:\/\/licaflex.com\/fr\/wp-json\/wp\/v2\/pages\/235","targetHints":{"allow":["GET"]}}],"collection":[{"href":"https:\/\/licaflex.com\/fr\/wp-json\/wp\/v2\/pages"}],"about":[{"href":"https:\/\/licaflex.com\/fr\/wp-json\/wp\/v2\/types\/page"}],"author":[{"embeddable":true,"href":"https:\/\/licaflex.com\/fr\/wp-json\/wp\/v2\/users\/1"}],"replies":[{"embeddable":true,"href":"https:\/\/licaflex.com\/fr\/wp-json\/wp\/v2\/comments?post=235"}],"version-history":[{"count":40,"href":"https:\/\/licaflex.com\/fr\/wp-json\/wp\/v2\/pages\/235\/revisions"}],"predecessor-version":[{"id":788,"href":"https:\/\/licaflex.com\/fr\/wp-json\/wp\/v2\/pages\/235\/revisions\/788"}],"wp:attachment":[{"href":"https:\/\/licaflex.com\/fr\/wp-json\/wp\/v2\/media?parent=235"}],"curies":[{"name":"wp","href":"https:\/\/api.w.org\/{rel}","templated":true}]}}