{"id":238,"date":"2021-02-21T22:30:38","date_gmt":"2021-02-21T22:30:38","guid":{"rendered":"https:\/\/licaflex.com\/products\/"},"modified":"2023-05-05T09:51:24","modified_gmt":"2023-05-05T13:51:24","slug":"produits","status":"publish","type":"page","link":"https:\/\/licaflex.com\/fr\/produits\/","title":{"rendered":"Produits"},"content":{"rendered":"\n<h1>\n\t\tProduits\n\t<\/h1>\n<h2>\n\t\tEmballage personnalis\u00e9 pour r\u00e9pondre parfaitement \u00e0 vos besoins\n\t<\/h2>\n\t\t\t\t<img loading=\"lazy\" decoding=\"async\" src=\"https:\/\/licaflex.com\/wp-content\/uploads\/2021\/03\/shutterstock_783495148.jpg\" alt=\"flexographic flexible packaging licaflex\" itemprop=\"image\" height=\"650\" width=\"975\" title=\"shutterstock_783495148\" onerror=\"this.style.display='none'\"  \/>\n<h2>\n\t\tNotre qualit\u00e9 est la meilleure\n\t<\/h2>\n\t<p>De l&rsquo;extrusion jusqu&rsquo;\u00e0 la conversion de mati\u00e8res plastiques en sacs \u00e0 base de r\u00e9sine, nous sommes un manufacturier d&#8217;emballages s&rsquo;occupant de la gestion du processus entier de production.<\/p>\n\t<p>Licaflex fournit des mat\u00e9riaux d&#8217;emballage de qualit\u00e9 sup\u00e9rieure con\u00e7us pour l&rsquo;augmentation de la productivit\u00e9, de la comp\u00e9titivit\u00e9 et de la rentabilit\u00e9 pour nos clients partout en Am\u00e9rique du Nord, en s&rsquo;engageant \u00e0 adopter des pratiques respectueuses de l&rsquo;environnement.<\/p>\n<h3>\n\t\tLivraison juste \u00e0 temps\n\t<\/h3>\n<h3>\n\t\tUne orientation client in\u00e9gal\u00e9e\n\t<\/h3>\n<h3>\n\t\tDes employ\u00e9s hautement qualifi\u00e9s\n\t<\/h3>\n<h2>\n\t\tParcourez notre catalogue de plastiques de haute qualit\u00e9\n\t<\/h2>\n\t\t\t\t\t\t\t\t\t\t<img decoding=\"async\" src=\"https:\/\/licaflex.com\/wp-content\/uploads\/2021\/03\/Wicket_Bag_Mockup_370x380-997x1024.png\" alt=\"Wicket_Bag_Mockup_370x380\" itemprop=\"image\"  \/>\n\t\t\t<a href=\"#\" id=\"fl-accordion--label-0\" tabindex=\"0\" aria-controls=\"fl-accordion--panel-0\">Sacs de plastique par application \u00ab wicket \u00bb<\/a>\n\t\t\t\t\t\t\t<a href=\"#\" id=\"fl-accordion--icon-0\" tabindex=\"0\" aria-controls=\"fl-accordion--panel-0\"><i>Expand<\/i><\/a>\n\t\t<p>Produits d&rsquo;hygi\u00e8ne, Boulangerie<\/p>\n\t\t\t\t\t\t\t\t\t\t<img decoding=\"async\" src=\"https:\/\/licaflex.com\/wp-content\/uploads\/2021\/03\/Standup-Pouch-Bag-Mockup_370x380-997x1024.png\" alt=\"Standup Pouch Bag Mockup_370x380\" itemprop=\"image\"  \/>\n\t\t\t<a href=\"#\" id=\"fl-accordion--label-0\" tabindex=\"0\" aria-controls=\"fl-accordion--panel-0\">Sachets \u00e0 fond plat<\/a>\n\t\t\t\t\t\t\t<a href=\"#\" id=\"fl-accordion--icon-0\" tabindex=\"0\" aria-controls=\"fl-accordion--panel-0\"><i>Expand<\/i><\/a>\n\t\t<p>Boulangerie, Collations, Produits laitiers, Fruits de mer, Viande &#038; voilaille, Caf\u00e9, Pelouse &#038; jardin, R\u00e9coltes agricoles, Aliments pour animaux<\/p>\n\t\t\t\t\t\t\t\t\t\t<img decoding=\"async\" src=\"https:\/\/licaflex.com\/wp-content\/uploads\/2021\/03\/Shrink_Film_Mockup_370x380-997x1024.png\" alt=\"Shrink_Film_Mockup_370x380\" itemprop=\"image\"  \/>\n\t\t\t<a href=\"#\" id=\"fl-accordion--label-0\" tabindex=\"0\" aria-controls=\"fl-accordion--panel-0\">Film r\u00e9tractable<\/a>\n\t\t\t\t\t\t\t<a href=\"#\" id=\"fl-accordion--icon-0\" tabindex=\"0\" aria-controls=\"fl-accordion--panel-0\"><i>Expand<\/i><\/a>\n\t\t<p>Boisson, Industrie<\/p>\n\t\t\t\t\t\t\t\t\t\t<img decoding=\"async\" src=\"https:\/\/licaflex.com\/wp-content\/uploads\/2023\/05\/Rolls-Mock-Up-Square-WEB.jpg\" alt=\"Rolls-Mock-Up---Square-WEB\" itemprop=\"image\"  \/>\n\t\t\t<a href=\"#\" id=\"fl-accordion--label-0\" tabindex=\"0\" aria-controls=\"fl-accordion--panel-0\">Rouleaux stock<\/a>\n\t\t\t\t\t\t\t<a href=\"#\" id=\"fl-accordion--icon-0\" tabindex=\"0\" aria-controls=\"fl-accordion--panel-0\"><i>Expand<\/i><\/a>\n\t\t<p>Agriculture, Produits d&rsquo;hygi\u00e8ne, Collations, Viande &amp; Volaille, Pelouse &amp; Jardin<\/p>\n\t\t\t\t\t\t\t\t\t\t<img decoding=\"async\" src=\"https:\/\/licaflex.com\/wp-content\/uploads\/2021\/06\/Regular-Heavy-Duty-bag.png\" alt=\"regular heavy duty bag for lawn and garden soil fertilizer wood pellet\" itemprop=\"image\"  \/>\n\t\t\t<a href=\"#\" id=\"fl-accordion--label-0\" tabindex=\"0\" aria-controls=\"fl-accordion--panel-0\">Sacs Robustes standard<\/a>\n\t\t\t\t\t\t\t<a href=\"#\" id=\"fl-accordion--icon-0\" tabindex=\"0\" aria-controls=\"fl-accordion--panel-0\"><i>Expand<\/i><\/a>\n\t\t<p>Agriculture, Pelouse et Jardin&#8230;<\/p>\n\t\t\t\t\t\t\t\t\t\t<img decoding=\"async\" src=\"https:\/\/licaflex.com\/wp-content\/uploads\/2021\/03\/Heavy_duty_bags_mockup_370x380.png\" alt=\"Heavy_duty_bags_mockup_370x380\" itemprop=\"image\"  \/>\n\t\t\t<a href=\"#\" id=\"fl-accordion--label-0\" tabindex=\"0\" aria-controls=\"fl-accordion--panel-0\">Sacs Side Gusset<\/a>\n\t\t\t\t\t\t\t<a href=\"#\" id=\"fl-accordion--icon-0\" tabindex=\"0\" aria-controls=\"fl-accordion--panel-0\"><i>Expand<\/i><\/a>\n\t\t<p>Aliments pour animaux, Agriculture, Pelouse et Jardin&#8230;<\/p>\n\t\t\t\t\t\t\t\t\t\t<img decoding=\"async\" src=\"https:\/\/licaflex.com\/wp-content\/uploads\/2021\/06\/Heavy-duty-bag-with-handle-997x1024.png\" alt=\"heavy duty bag with handle for lawn &amp; garden, wood pellet, soil, fertilizer\" itemprop=\"image\"  \/>\n\t\t\t<a href=\"#\" id=\"fl-accordion--label-0\" tabindex=\"0\" aria-controls=\"fl-accordion--panel-0\">Sacs Robustes avec Poign\u00e9e <\/a>\n\t\t\t\t\t\t\t<a href=\"#\" id=\"fl-accordion--icon-0\" tabindex=\"0\" aria-controls=\"fl-accordion--panel-0\"><i>Expand<\/i><\/a>\n\t\t<p>Agriculture, Pelouse et Jardin, Aliments pour animaux&#8230;<\/p>\n\t\t\t\t\t\t\t\t\t\t<img decoding=\"async\" src=\"https:\/\/licaflex.com\/wp-content\/uploads\/2021\/03\/Licaflex_mockup_new-01.jpg\" alt=\"lay flat pouch custom flexible packaging\" itemprop=\"image\"  \/>\n\t\t\t<a href=\"#\" id=\"fl-accordion--label-0\" tabindex=\"0\" aria-controls=\"fl-accordion--panel-0\">Pochette plate<\/a>\n\t\t\t\t\t\t\t<a href=\"#\" id=\"fl-accordion--icon-0\" tabindex=\"0\" aria-controls=\"fl-accordion--panel-0\"><i>Expand<\/i><\/a>\n\n","protected":false},"excerpt":{"rendered":"<p>Produits Emballage personnalis\u00e9 pour r\u00e9pondre parfaitement \u00e0 vos besoins Notre qualit\u00e9 est la meilleure De l&rsquo;extrusion jusqu&rsquo;\u00e0 la conversion de mati\u00e8res plastiques en sacs \u00e0 base de r\u00e9sine, nous sommes un manufacturier d&#8217;emballages s&rsquo;occupant de la gestion du processus entier de production. Licaflex fournit des mat\u00e9riaux d&#8217;emballage de qualit\u00e9 sup\u00e9rieure con\u00e7us pour l&rsquo;augmentation de la&hellip;<\/p>\n","protected":false},"author":1,"featured_media":0,"parent":0,"menu_order":0,"comment_status":"closed","ping_status":"closed","template":"","meta":{"footnotes":""},"class_list":["post-238","page","type-page","status-publish","hentry"],"yoast_head":"<!-- This site is optimized with the Yoast SEO plugin v26.1 - https:\/\/yoast.com\/wordpress\/plugins\/seo\/ -->\n<title>Produits - LicaFlex Packaging<\/title>\n<meta name=\"robots\" content=\"index, follow, max-snippet:-1, max-image-preview:large, max-video-preview:-1\" \/>\n<link rel=\"canonical\" href=\"https:\/\/licaflex.com\/products\/\" \/>\n<meta property=\"og:locale\" content=\"fr_FR\" \/>\n<meta property=\"og:type\" content=\"article\" \/>\n<meta property=\"og:title\" content=\"Produits - LicaFlex Packaging\" \/>\n<meta property=\"og:description\" content=\"Produits Emballage personnalis\u00e9 pour r\u00e9pondre parfaitement \u00e0 vos besoins Notre qualit\u00e9 est la meilleure De l&rsquo;extrusion jusqu&rsquo;\u00e0 la conversion de mati\u00e8res plastiques en sacs \u00e0 base de r\u00e9sine, nous sommes un manufacturier d&#8217;emballages s&rsquo;occupant de la gestion du processus entier de production. Licaflex fournit des mat\u00e9riaux d&#8217;emballage de qualit\u00e9 sup\u00e9rieure con\u00e7us pour l&rsquo;augmentation de la&hellip;\" \/>\n<meta property=\"og:url\" content=\"https:\/\/licaflex.com\/products\/\" \/>\n<meta property=\"og:site_name\" content=\"LicaFlex Packaging\" \/>\n<meta property=\"article:modified_time\" content=\"2023-05-05T13:51:24+00:00\" \/>\n<meta property=\"og:image\" content=\"https:\/\/licaflex.com\/wp-content\/uploads\/2021\/03\/shutterstock_783495148.jpg\" \/>\n<meta name=\"twitter:card\" content=\"summary_large_image\" \/>\n<meta name=\"twitter:label1\" content=\"Dur\u00e9e de lecture estim\u00e9e\" \/>\n\t<meta name=\"twitter:data1\" content=\"1 minute\" \/>\n<script type=\"application\/ld+json\" class=\"yoast-schema-graph\">{\"@context\":\"https:\/\/schema.org\",\"@graph\":[{\"@type\":\"WebPage\",\"@id\":\"https:\/\/licaflex.com\/products\/\",\"url\":\"https:\/\/licaflex.com\/products\/\",\"name\":\"Produits - LicaFlex Packaging\",\"isPartOf\":{\"@id\":\"https:\/\/licaflex.com\/#website\"},\"primaryImageOfPage\":{\"@id\":\"https:\/\/licaflex.com\/products\/#primaryimage\"},\"image\":{\"@id\":\"https:\/\/licaflex.com\/products\/#primaryimage\"},\"thumbnailUrl\":\"https:\/\/licaflex.com\/wp-content\/uploads\/2021\/03\/shutterstock_783495148.jpg\",\"datePublished\":\"2021-02-21T22:30:38+00:00\",\"dateModified\":\"2023-05-05T13:51:24+00:00\",\"breadcrumb\":{\"@id\":\"https:\/\/licaflex.com\/products\/#breadcrumb\"},\"inLanguage\":\"fr-FR\",\"potentialAction\":[{\"@type\":\"ReadAction\",\"target\":[\"https:\/\/licaflex.com\/products\/\"]}]},{\"@type\":\"ImageObject\",\"inLanguage\":\"fr-FR\",\"@id\":\"https:\/\/licaflex.com\/products\/#primaryimage\",\"url\":\"https:\/\/licaflex.com\/wp-content\/uploads\/2021\/03\/shutterstock_783495148.jpg\",\"contentUrl\":\"https:\/\/licaflex.com\/wp-content\/uploads\/2021\/03\/shutterstock_783495148.jpg\"},{\"@type\":\"BreadcrumbList\",\"@id\":\"https:\/\/licaflex.com\/products\/#breadcrumb\",\"itemListElement\":[{\"@type\":\"ListItem\",\"position\":1,\"name\":\"Home\",\"item\":\"https:\/\/licaflex.com\/\"},{\"@type\":\"ListItem\",\"position\":2,\"name\":\"Produits\"}]},{\"@type\":\"WebSite\",\"@id\":\"https:\/\/licaflex.com\/#website\",\"url\":\"https:\/\/licaflex.com\/\",\"name\":\"LicaFlex Packaging\",\"description\":\"Flexible Packaging Manufacturer\",\"publisher\":{\"@id\":\"https:\/\/licaflex.com\/#organization\"},\"potentialAction\":[{\"@type\":\"SearchAction\",\"target\":{\"@type\":\"EntryPoint\",\"urlTemplate\":\"https:\/\/licaflex.com\/?s={search_term_string}\"},\"query-input\":{\"@type\":\"PropertyValueSpecification\",\"valueRequired\":true,\"valueName\":\"search_term_string\"}}],\"inLanguage\":\"fr-FR\"},{\"@type\":\"Organization\",\"@id\":\"https:\/\/licaflex.com\/#organization\",\"name\":\"LicaFlex Packaging\",\"url\":\"https:\/\/licaflex.com\/\",\"logo\":{\"@type\":\"ImageObject\",\"inLanguage\":\"fr-FR\",\"@id\":\"https:\/\/licaflex.com\/#\/schema\/logo\/image\/\",\"url\":\"https:\/\/licaflex.com\/wp-content\/uploads\/2021\/03\/Vertical-Transparent-PNG.png\",\"contentUrl\":\"https:\/\/licaflex.com\/wp-content\/uploads\/2021\/03\/Vertical-Transparent-PNG.png\",\"width\":4740,\"height\":2386,\"caption\":\"LicaFlex Packaging\"},\"image\":{\"@id\":\"https:\/\/licaflex.com\/#\/schema\/logo\/image\/\"}}]}<\/script>\n<!-- \/ Yoast SEO plugin. -->","yoast_head_json":{"title":"Produits - LicaFlex Packaging","robots":{"index":"index","follow":"follow","max-snippet":"max-snippet:-1","max-image-preview":"max-image-preview:large","max-video-preview":"max-video-preview:-1"},"canonical":"https:\/\/licaflex.com\/products\/","og_locale":"fr_FR","og_type":"article","og_title":"Produits - LicaFlex Packaging","og_description":"Produits Emballage personnalis\u00e9 pour r\u00e9pondre parfaitement \u00e0 vos besoins Notre qualit\u00e9 est la meilleure De l&rsquo;extrusion jusqu&rsquo;\u00e0 la conversion de mati\u00e8res plastiques en sacs \u00e0 base de r\u00e9sine, nous sommes un manufacturier d&#8217;emballages s&rsquo;occupant de la gestion du processus entier de production. Licaflex fournit des mat\u00e9riaux d&#8217;emballage de qualit\u00e9 sup\u00e9rieure con\u00e7us pour l&rsquo;augmentation de la&hellip;","og_url":"https:\/\/licaflex.com\/products\/","og_site_name":"LicaFlex Packaging","article_modified_time":"2023-05-05T13:51:24+00:00","og_image":[{"url":"https:\/\/licaflex.com\/wp-content\/uploads\/2021\/03\/shutterstock_783495148.jpg","type":"","width":"","height":""}],"twitter_card":"summary_large_image","twitter_misc":{"Dur\u00e9e de lecture estim\u00e9e":"1 minute"},"schema":{"@context":"https:\/\/schema.org","@graph":[{"@type":"WebPage","@id":"https:\/\/licaflex.com\/products\/","url":"https:\/\/licaflex.com\/products\/","name":"Produits - LicaFlex Packaging","isPartOf":{"@id":"https:\/\/licaflex.com\/#website"},"primaryImageOfPage":{"@id":"https:\/\/licaflex.com\/products\/#primaryimage"},"image":{"@id":"https:\/\/licaflex.com\/products\/#primaryimage"},"thumbnailUrl":"https:\/\/licaflex.com\/wp-content\/uploads\/2021\/03\/shutterstock_783495148.jpg","datePublished":"2021-02-21T22:30:38+00:00","dateModified":"2023-05-05T13:51:24+00:00","breadcrumb":{"@id":"https:\/\/licaflex.com\/products\/#breadcrumb"},"inLanguage":"fr-FR","potentialAction":[{"@type":"ReadAction","target":["https:\/\/licaflex.com\/products\/"]}]},{"@type":"ImageObject","inLanguage":"fr-FR","@id":"https:\/\/licaflex.com\/products\/#primaryimage","url":"https:\/\/licaflex.com\/wp-content\/uploads\/2021\/03\/shutterstock_783495148.jpg","contentUrl":"https:\/\/licaflex.com\/wp-content\/uploads\/2021\/03\/shutterstock_783495148.jpg"},{"@type":"BreadcrumbList","@id":"https:\/\/licaflex.com\/products\/#breadcrumb","itemListElement":[{"@type":"ListItem","position":1,"name":"Home","item":"https:\/\/licaflex.com\/"},{"@type":"ListItem","position":2,"name":"Produits"}]},{"@type":"WebSite","@id":"https:\/\/licaflex.com\/#website","url":"https:\/\/licaflex.com\/","name":"LicaFlex Packaging","description":"Flexible Packaging Manufacturer","publisher":{"@id":"https:\/\/licaflex.com\/#organization"},"potentialAction":[{"@type":"SearchAction","target":{"@type":"EntryPoint","urlTemplate":"https:\/\/licaflex.com\/?s={search_term_string}"},"query-input":{"@type":"PropertyValueSpecification","valueRequired":true,"valueName":"search_term_string"}}],"inLanguage":"fr-FR"},{"@type":"Organization","@id":"https:\/\/licaflex.com\/#organization","name":"LicaFlex Packaging","url":"https:\/\/licaflex.com\/","logo":{"@type":"ImageObject","inLanguage":"fr-FR","@id":"https:\/\/licaflex.com\/#\/schema\/logo\/image\/","url":"https:\/\/licaflex.com\/wp-content\/uploads\/2021\/03\/Vertical-Transparent-PNG.png","contentUrl":"https:\/\/licaflex.com\/wp-content\/uploads\/2021\/03\/Vertical-Transparent-PNG.png","width":4740,"height":2386,"caption":"LicaFlex Packaging"},"image":{"@id":"https:\/\/licaflex.com\/#\/schema\/logo\/image\/"}}]}},"_links":{"self":[{"href":"https:\/\/licaflex.com\/fr\/wp-json\/wp\/v2\/pages\/238","targetHints":{"allow":["GET"]}}],"collection":[{"href":"https:\/\/licaflex.com\/fr\/wp-json\/wp\/v2\/pages"}],"about":[{"href":"https:\/\/licaflex.com\/fr\/wp-json\/wp\/v2\/types\/page"}],"author":[{"embeddable":true,"href":"https:\/\/licaflex.com\/fr\/wp-json\/wp\/v2\/users\/1"}],"replies":[{"embeddable":true,"href":"https:\/\/licaflex.com\/fr\/wp-json\/wp\/v2\/comments?post=238"}],"version-history":[{"count":22,"href":"https:\/\/licaflex.com\/fr\/wp-json\/wp\/v2\/pages\/238\/revisions"}],"predecessor-version":[{"id":826,"href":"https:\/\/licaflex.com\/fr\/wp-json\/wp\/v2\/pages\/238\/revisions\/826"}],"wp:attachment":[{"href":"https:\/\/licaflex.com\/fr\/wp-json\/wp\/v2\/media?parent=238"}],"curies":[{"name":"wp","href":"https:\/\/api.w.org\/{rel}","templated":true}]}}