{"id":250,"date":"2021-02-21T22:31:36","date_gmt":"2021-02-22T03:31:36","guid":{"rendered":"https:\/\/licaflex.com\/sustainability\/"},"modified":"2023-02-20T14:18:49","modified_gmt":"2023-02-20T19:18:49","slug":"sustainability","status":"publish","type":"page","link":"https:\/\/licaflex.com\/fr\/sustainability\/","title":{"rendered":"Durabilit\u00e9"},"content":{"rendered":"\n<h2>\n\t\tUne r\u00e9sine bio-sourc\u00e9e et 100% recyclable\n\t<\/h2>\n<h1>\n\t\tBIO-LICA\n\t<\/h1>\n<h2>\n\t<\/h2>\n\t\t\t\t<img loading=\"lazy\" decoding=\"async\" src=\"https:\/\/licaflex.com\/wp-content\/uploads\/2021\/02\/sus_img_001.png\" alt=\"sus_img_001\" itemprop=\"image\" height=\"650\" width=\"908\" title=\"sus_img_001\" onerror=\"this.style.display='none'\"  \/>\n\t\t\t\t<img loading=\"lazy\" decoding=\"async\" src=\"https:\/\/licaflex.com\/wp-content\/uploads\/2021\/02\/sus_img_002.png\" alt=\"sus_img_002\" itemprop=\"image\" height=\"650\" width=\"536\" title=\"sus_img_002\" onerror=\"this.style.display='none'\"  \/>\n<h2>\n\t\tUn avenir plus vert pour l&rsquo;industrie de l&#8217;emballage\n\t<\/h2>\n\t<p>L&rsquo;utilisation des mati\u00e8res premi\u00e8res renouvelables connait depuis quelques ann\u00e9es une tr\u00e8s grande popularit\u00e9. Ceci est d\u00fb \u00e0 la sensibilisation croissante de la population aux probl\u00e8mes environnementaux. Dans la m\u00eame optique, LicaFlex a pour objectif de r\u00e9pondre \u00e0 toutes les pr\u00e9occupations de ces clients y compris, environnementales, et de rendre le plastique meilleur. Nous offrons une alternative qui accommode tous ceux qui se soucient de l&rsquo;\u00e9cologie et de l&rsquo;environnement. Nous vous proposons donc notre nouveau produit \u00e9coresponsable, <strong>biosourc\u00e9 et recyclable<\/strong> : <strong>Bio-Lica<\/strong>.<\/p>\n\t<p>Nous ne pouvons pas r\u00e9soudre nos probl\u00e8mes avec la m\u00eame pens\u00e9e que nous avons utilis\u00e9e lorsque nous les avons cr\u00e9\u00e9s.<\/p>\n<h2>\n\t\tPlastique Recycl\u00e9 Post-Consommation\n\t<\/h2>\n<h1>\n\t\tPCR\n\t<\/h1>\n<h2>\n\t<\/h2>\n\t\t\t\t<img loading=\"lazy\" decoding=\"async\" src=\"https:\/\/licaflex.com\/wp-content\/uploads\/2023\/02\/IMG_5196-scaled.jpg\" alt=\"PCR post recycled recycled plastic packaging\" itemprop=\"image\" height=\"1706\" width=\"2560\" title=\"IMG_5196\" onerror=\"this.style.display='none'\"  \/>\n\t<h1>C&rsquo;est quoi un film PCR?<\/h1>\n<p><strong>PCR<\/strong> signifie <strong>plastique recycl\u00e9 post-consommation<\/strong>, ce qui fait r\u00e9f\u00e9rence au plastique qui a \u00e9t\u00e9 <strong>recycl\u00e9 \u00e0 partir de d\u00e9chets plastiques g\u00e9n\u00e9r\u00e9s par les consommateurs<\/strong>, plut\u00f4t que de sources industrielles ou commerciales.<\/p>\n<p>Le PCR est produit en collectant et en traitant des articles en plastique usag\u00e9s, tels que des bouteilles d&rsquo;eau, des emballages alimentaires et d&rsquo;autres produits en plastique \u00e0 usage unique qui sont g\u00e9n\u00e9ralement jet\u00e9s apr\u00e8s utilisation. Les d\u00e9chets plastiques collect\u00e9s sont ensuite tri\u00e9s, nettoy\u00e9s, d\u00e9chiquet\u00e9s, fondus, puis reform\u00e9s en nouveaux produits en plastique.<\/p>\n<p>L&rsquo;utilisation de PCR dans la fabrication de produits en plastique peut contribuer \u00e0 r\u00e9duire la quantit\u00e9 de d\u00e9chets plastiques qui se retrouvent dans les d\u00e9charges et les oc\u00e9ans, et peut \u00e9galement aider \u00e0 r\u00e9duire la demande de nouvelle production de plastique. De nombreuses entreprises utilisent de plus en plus le PCR dans leurs produits et emballages, et les consommateurs peuvent rechercher des produits fabriqu\u00e9s avec du PCR comme moyen de soutenir des pratiques durables et de r\u00e9duire leur impact environnemental.<\/p>\n<p>&nbsp;<\/p>\n<h3>\n\t\tAvantages de l&#8217;emballage durable\n\t<\/h3>\n\t\t\t\t<img loading=\"lazy\" decoding=\"async\" src=\"https:\/\/licaflex.com\/wp-content\/uploads\/2021\/02\/sus_img_004.png\" alt=\"sus_img_004\" itemprop=\"image\" height=\"600\" width=\"536\" title=\"sus_img_004\" onerror=\"this.style.display='none'\"  \/>\n\t<p>Selon la demande de nos clients, Bio-Lica peut \u00eatre partiellement ou enti\u00e8rement fabriqu\u00e9 \u00e0 partir de ressources renouvelables, tandis que le poly\u00e9thyl\u00e8ne traditionnel utilise des mati\u00e8res premi\u00e8res d&rsquo;origine fossile comme le p\u00e9trole ou le gaz naturel.<\/p>\n<p>La mati\u00e8re premi\u00e8re utilis\u00e9e aide \u00e0 capturer et \u00e0 s\u00e9questrer le CO2 de l&rsquo;atmosph\u00e8re, ce qui permet de r\u00e9duire les gaz \u00e0 effet de serre. <\/p>\n<p>Bio-Lica conserve les m\u00eames propri\u00e9t\u00e9s, performances et polyvalence d&rsquo;application de poly\u00e9thyl\u00e8ne d&rsquo;origine fossile &#8211; ce qui facilite son utilisation imm\u00e9diate dans la cha\u00eene de production des plastiques.<\/p>\n\t<p>Il peut \u00e9galement \u00eatre recycl\u00e9 au sein de la m\u00eame cha\u00eene de recyclage du poly\u00e9thyl\u00e8ne traditionnel et il convient aussi au contact alimentaire.<\/p>\n<p>De plus, la mati\u00e8re premi\u00e8re utilis\u00e9e pour fabriquer Bio-Lica est conforme \u00e0 la norme ASTM D6866 (m\u00e9thodes d&rsquo;essai standard relative \u00e0 l&rsquo;analyse du contenu biosourc\u00e9) et elle a \u00e9t\u00e9 certifi\u00e9 par des organismes de renomm\u00e9 international (Beta Analytic, Vin\u00e7otte, ISCC\/Bonsucro&#8230;).<\/p>\n<p>Pour plus de renseignements sur Bio-Lica, veuillez consulter nos repr\u00e9sentants.<\/p>\n\t\t\t\t<img loading=\"lazy\" decoding=\"async\" src=\"https:\/\/licaflex.com\/wp-content\/uploads\/2021\/02\/sus_img_005.png\" alt=\"sus_img_005\" itemprop=\"image\" height=\"600\" width=\"536\" title=\"sus_img_005\" onerror=\"this.style.display='none'\"  \/>\n\n","protected":false},"excerpt":{"rendered":"<p>Une r\u00e9sine bio-sourc\u00e9e et 100% recyclable BIO-LICA Un avenir plus vert pour l&rsquo;industrie de l&#8217;emballage L&rsquo;utilisation des mati\u00e8res premi\u00e8res renouvelables connait depuis quelques ann\u00e9es une tr\u00e8s grande popularit\u00e9. Ceci est d\u00fb \u00e0 la sensibilisation croissante de la population aux probl\u00e8mes environnementaux. Dans la m\u00eame optique, LicaFlex a pour objectif de r\u00e9pondre \u00e0 toutes les pr\u00e9occupations&hellip;<\/p>\n","protected":false},"author":1,"featured_media":0,"parent":0,"menu_order":0,"comment_status":"closed","ping_status":"closed","template":"","meta":{"footnotes":""},"class_list":["post-250","page","type-page","status-publish","hentry"],"yoast_head":"<!-- This site is optimized with the Yoast SEO plugin v26.1 - https:\/\/yoast.com\/wordpress\/plugins\/seo\/ -->\n<title>Durabilit\u00e9 - LicaFlex Packaging<\/title>\n<meta name=\"robots\" content=\"index, follow, max-snippet:-1, max-image-preview:large, max-video-preview:-1\" \/>\n<link rel=\"canonical\" href=\"https:\/\/licaflex.com\/sustainability\/\" \/>\n<meta property=\"og:locale\" content=\"fr_FR\" \/>\n<meta property=\"og:type\" content=\"article\" \/>\n<meta property=\"og:title\" content=\"Durabilit\u00e9 - LicaFlex Packaging\" \/>\n<meta property=\"og:description\" content=\"Une r\u00e9sine bio-sourc\u00e9e et 100% recyclable BIO-LICA Un avenir plus vert pour l&rsquo;industrie de l&#8217;emballage L&rsquo;utilisation des mati\u00e8res premi\u00e8res renouvelables connait depuis quelques ann\u00e9es une tr\u00e8s grande popularit\u00e9. Ceci est d\u00fb \u00e0 la sensibilisation croissante de la population aux probl\u00e8mes environnementaux. Dans la m\u00eame optique, LicaFlex a pour objectif de r\u00e9pondre \u00e0 toutes les pr\u00e9occupations&hellip;\" \/>\n<meta property=\"og:url\" content=\"https:\/\/licaflex.com\/sustainability\/\" \/>\n<meta property=\"og:site_name\" content=\"LicaFlex Packaging\" \/>\n<meta property=\"article:modified_time\" content=\"2023-02-20T19:18:49+00:00\" \/>\n<meta property=\"og:image\" content=\"https:\/\/licaflex.com\/wp-content\/uploads\/2021\/02\/sus_img_001.png\" \/>\n<meta name=\"twitter:card\" content=\"summary_large_image\" \/>\n<meta name=\"twitter:label1\" content=\"Dur\u00e9e de lecture estim\u00e9e\" \/>\n\t<meta name=\"twitter:data1\" content=\"3 minutes\" \/>\n<script type=\"application\/ld+json\" class=\"yoast-schema-graph\">{\"@context\":\"https:\/\/schema.org\",\"@graph\":[{\"@type\":\"WebPage\",\"@id\":\"https:\/\/licaflex.com\/sustainability\/\",\"url\":\"https:\/\/licaflex.com\/sustainability\/\",\"name\":\"Durabilit\u00e9 - LicaFlex Packaging\",\"isPartOf\":{\"@id\":\"https:\/\/licaflex.com\/#website\"},\"primaryImageOfPage\":{\"@id\":\"https:\/\/licaflex.com\/sustainability\/#primaryimage\"},\"image\":{\"@id\":\"https:\/\/licaflex.com\/sustainability\/#primaryimage\"},\"thumbnailUrl\":\"https:\/\/licaflex.com\/wp-content\/uploads\/2021\/02\/sus_img_001.png\",\"datePublished\":\"2021-02-22T03:31:36+00:00\",\"dateModified\":\"2023-02-20T19:18:49+00:00\",\"breadcrumb\":{\"@id\":\"https:\/\/licaflex.com\/sustainability\/#breadcrumb\"},\"inLanguage\":\"fr-FR\",\"potentialAction\":[{\"@type\":\"ReadAction\",\"target\":[\"https:\/\/licaflex.com\/sustainability\/\"]}]},{\"@type\":\"ImageObject\",\"inLanguage\":\"fr-FR\",\"@id\":\"https:\/\/licaflex.com\/sustainability\/#primaryimage\",\"url\":\"https:\/\/licaflex.com\/wp-content\/uploads\/2021\/02\/sus_img_001.png\",\"contentUrl\":\"https:\/\/licaflex.com\/wp-content\/uploads\/2021\/02\/sus_img_001.png\"},{\"@type\":\"BreadcrumbList\",\"@id\":\"https:\/\/licaflex.com\/sustainability\/#breadcrumb\",\"itemListElement\":[{\"@type\":\"ListItem\",\"position\":1,\"name\":\"Home\",\"item\":\"https:\/\/licaflex.com\/\"},{\"@type\":\"ListItem\",\"position\":2,\"name\":\"Durabilit\u00e9\"}]},{\"@type\":\"WebSite\",\"@id\":\"https:\/\/licaflex.com\/#website\",\"url\":\"https:\/\/licaflex.com\/\",\"name\":\"LicaFlex Packaging\",\"description\":\"Flexible Packaging Manufacturer\",\"publisher\":{\"@id\":\"https:\/\/licaflex.com\/#organization\"},\"potentialAction\":[{\"@type\":\"SearchAction\",\"target\":{\"@type\":\"EntryPoint\",\"urlTemplate\":\"https:\/\/licaflex.com\/?s={search_term_string}\"},\"query-input\":{\"@type\":\"PropertyValueSpecification\",\"valueRequired\":true,\"valueName\":\"search_term_string\"}}],\"inLanguage\":\"fr-FR\"},{\"@type\":\"Organization\",\"@id\":\"https:\/\/licaflex.com\/#organization\",\"name\":\"LicaFlex Packaging\",\"url\":\"https:\/\/licaflex.com\/\",\"logo\":{\"@type\":\"ImageObject\",\"inLanguage\":\"fr-FR\",\"@id\":\"https:\/\/licaflex.com\/#\/schema\/logo\/image\/\",\"url\":\"https:\/\/licaflex.com\/wp-content\/uploads\/2021\/03\/Vertical-Transparent-PNG.png\",\"contentUrl\":\"https:\/\/licaflex.com\/wp-content\/uploads\/2021\/03\/Vertical-Transparent-PNG.png\",\"width\":4740,\"height\":2386,\"caption\":\"LicaFlex Packaging\"},\"image\":{\"@id\":\"https:\/\/licaflex.com\/#\/schema\/logo\/image\/\"}}]}<\/script>\n<!-- \/ Yoast SEO plugin. -->","yoast_head_json":{"title":"Durabilit\u00e9 - LicaFlex Packaging","robots":{"index":"index","follow":"follow","max-snippet":"max-snippet:-1","max-image-preview":"max-image-preview:large","max-video-preview":"max-video-preview:-1"},"canonical":"https:\/\/licaflex.com\/sustainability\/","og_locale":"fr_FR","og_type":"article","og_title":"Durabilit\u00e9 - LicaFlex Packaging","og_description":"Une r\u00e9sine bio-sourc\u00e9e et 100% recyclable BIO-LICA Un avenir plus vert pour l&rsquo;industrie de l&#8217;emballage L&rsquo;utilisation des mati\u00e8res premi\u00e8res renouvelables connait depuis quelques ann\u00e9es une tr\u00e8s grande popularit\u00e9. Ceci est d\u00fb \u00e0 la sensibilisation croissante de la population aux probl\u00e8mes environnementaux. Dans la m\u00eame optique, LicaFlex a pour objectif de r\u00e9pondre \u00e0 toutes les pr\u00e9occupations&hellip;","og_url":"https:\/\/licaflex.com\/sustainability\/","og_site_name":"LicaFlex Packaging","article_modified_time":"2023-02-20T19:18:49+00:00","og_image":[{"url":"https:\/\/licaflex.com\/wp-content\/uploads\/2021\/02\/sus_img_001.png","type":"","width":"","height":""}],"twitter_card":"summary_large_image","twitter_misc":{"Dur\u00e9e de lecture estim\u00e9e":"3 minutes"},"schema":{"@context":"https:\/\/schema.org","@graph":[{"@type":"WebPage","@id":"https:\/\/licaflex.com\/sustainability\/","url":"https:\/\/licaflex.com\/sustainability\/","name":"Durabilit\u00e9 - LicaFlex Packaging","isPartOf":{"@id":"https:\/\/licaflex.com\/#website"},"primaryImageOfPage":{"@id":"https:\/\/licaflex.com\/sustainability\/#primaryimage"},"image":{"@id":"https:\/\/licaflex.com\/sustainability\/#primaryimage"},"thumbnailUrl":"https:\/\/licaflex.com\/wp-content\/uploads\/2021\/02\/sus_img_001.png","datePublished":"2021-02-22T03:31:36+00:00","dateModified":"2023-02-20T19:18:49+00:00","breadcrumb":{"@id":"https:\/\/licaflex.com\/sustainability\/#breadcrumb"},"inLanguage":"fr-FR","potentialAction":[{"@type":"ReadAction","target":["https:\/\/licaflex.com\/sustainability\/"]}]},{"@type":"ImageObject","inLanguage":"fr-FR","@id":"https:\/\/licaflex.com\/sustainability\/#primaryimage","url":"https:\/\/licaflex.com\/wp-content\/uploads\/2021\/02\/sus_img_001.png","contentUrl":"https:\/\/licaflex.com\/wp-content\/uploads\/2021\/02\/sus_img_001.png"},{"@type":"BreadcrumbList","@id":"https:\/\/licaflex.com\/sustainability\/#breadcrumb","itemListElement":[{"@type":"ListItem","position":1,"name":"Home","item":"https:\/\/licaflex.com\/"},{"@type":"ListItem","position":2,"name":"Durabilit\u00e9"}]},{"@type":"WebSite","@id":"https:\/\/licaflex.com\/#website","url":"https:\/\/licaflex.com\/","name":"LicaFlex Packaging","description":"Flexible Packaging Manufacturer","publisher":{"@id":"https:\/\/licaflex.com\/#organization"},"potentialAction":[{"@type":"SearchAction","target":{"@type":"EntryPoint","urlTemplate":"https:\/\/licaflex.com\/?s={search_term_string}"},"query-input":{"@type":"PropertyValueSpecification","valueRequired":true,"valueName":"search_term_string"}}],"inLanguage":"fr-FR"},{"@type":"Organization","@id":"https:\/\/licaflex.com\/#organization","name":"LicaFlex Packaging","url":"https:\/\/licaflex.com\/","logo":{"@type":"ImageObject","inLanguage":"fr-FR","@id":"https:\/\/licaflex.com\/#\/schema\/logo\/image\/","url":"https:\/\/licaflex.com\/wp-content\/uploads\/2021\/03\/Vertical-Transparent-PNG.png","contentUrl":"https:\/\/licaflex.com\/wp-content\/uploads\/2021\/03\/Vertical-Transparent-PNG.png","width":4740,"height":2386,"caption":"LicaFlex Packaging"},"image":{"@id":"https:\/\/licaflex.com\/#\/schema\/logo\/image\/"}}]}},"_links":{"self":[{"href":"https:\/\/licaflex.com\/fr\/wp-json\/wp\/v2\/pages\/250","targetHints":{"allow":["GET"]}}],"collection":[{"href":"https:\/\/licaflex.com\/fr\/wp-json\/wp\/v2\/pages"}],"about":[{"href":"https:\/\/licaflex.com\/fr\/wp-json\/wp\/v2\/types\/page"}],"author":[{"embeddable":true,"href":"https:\/\/licaflex.com\/fr\/wp-json\/wp\/v2\/users\/1"}],"replies":[{"embeddable":true,"href":"https:\/\/licaflex.com\/fr\/wp-json\/wp\/v2\/comments?post=250"}],"version-history":[{"count":10,"href":"https:\/\/licaflex.com\/fr\/wp-json\/wp\/v2\/pages\/250\/revisions"}],"predecessor-version":[{"id":816,"href":"https:\/\/licaflex.com\/fr\/wp-json\/wp\/v2\/pages\/250\/revisions\/816"}],"wp:attachment":[{"href":"https:\/\/licaflex.com\/fr\/wp-json\/wp\/v2\/media?parent=250"}],"curies":[{"name":"wp","href":"https:\/\/api.w.org\/{rel}","templated":true}]}}