{"id":283,"date":"2021-02-21T22:29:58","date_gmt":"2021-02-21T22:29:58","guid":{"rendered":"https:\/\/licaflex.com\/markets\/"},"modified":"2021-03-24T16:30:24","modified_gmt":"2021-03-24T20:30:24","slug":"marches","status":"publish","type":"page","link":"https:\/\/licaflex.com\/fr\/marches\/","title":{"rendered":"March\u00e9s"},"content":{"rendered":"\n<h1>\n\t\tMarch\u00e9s\n\t<\/h1>\n<h2>\n\t\tAu service des clients dans de nombreux secteurs et march\u00e9s depuis 1988\n\t<\/h2>\n\t\t\t\t<img loading=\"lazy\" decoding=\"async\" src=\"https:\/\/licaflex.com\/wp-content\/uploads\/2021\/02\/mark_img_001.png\" alt=\"mark_img_001\" itemprop=\"image\" height=\"650\" width=\"908\" title=\"mark_img_001\" onerror=\"this.style.display='none'\"  \/>\n\t<ul>\n    <li data-griddercontent=\"#gridder-content-1\">\n        <img decoding=\"async\" src=\"\/wp-content\/uploads\/2021\/03\/mar_img_001.png\"\/>\n        <h3>Boisson<\/h3>\n    <\/li>\n    <li data-griddercontent=\"#gridder-content-2\">\n        <img decoding=\"async\" src=\"\/wp-content\/uploads\/2021\/03\/mar_img_002.png\"\/>\n        <h3>Aliments<\/h3>\n    <\/li>\n    <li data-griddercontent=\"#gridder-content-3\">\n        <img decoding=\"async\" src=\"\/wp-content\/uploads\/2021\/03\/mar_img_003.png\"\/>\n        <h3>Soins personnels<\/h3>\n    <\/li>\n    <li data-griddercontent=\"#gridder-content-4\">\n        <img decoding=\"async\" src=\"\/wp-content\/uploads\/2021\/03\/mar_img_004.png\"\/>\n        <h3>La nourriture pour animaux<\/h3>\n    <\/li>\n    <li data-griddercontent=\"#gridder-content-6\">\n        <img decoding=\"async\" src=\"\/wp-content\/uploads\/2021\/03\/mar_img_006.png\"\/>\n        <h3>Boulangerie<\/h3>\n    <\/li>\n    <li data-griddercontent=\"#gridder-content-7\">\n        <img decoding=\"async\" src=\"\/wp-content\/uploads\/2021\/03\/mar_img_007.png\"\/>\n        <h3>Collations<\/h3>\n    <\/li>\n    <li data-griddercontent=\"#gridder-content-9\">\n        <img decoding=\"async\" src=\"\/wp-content\/uploads\/2021\/03\/mar_img_009.jpg\"\/>\n        <h3>Du fromage<\/h3>\n    <\/li>\n    <li data-griddercontent=\"#gridder-content-10\">\n        <img decoding=\"async\" src=\"\/wp-content\/uploads\/2021\/03\/mar_img_010.png\"\/>\n        <h3>Produits de mer<\/h3>\n    <\/li>\n    <li data-griddercontent=\"#gridder-content-12\">\n        <img decoding=\"async\" src=\"\/wp-content\/uploads\/2021\/03\/mar_img_012.png\"\/>\n        <h3>Pelouse &#038; jardin<\/h3>\n    <\/li>\n    <li data-griddercontent=\"#gridder-content-14\">\n        <img decoding=\"async\" src=\"\/wp-content\/uploads\/2021\/03\/mar_img_014.png\"\/>\n        <h3>Aliments pour animaux<\/h3>\n    <\/li>\n<\/ul>\n            <p>Il est maintenant facile d&rsquo;atteindre le plus haut niveau de qualit\u00e9 pour vos \u00e9tiquettes en faisant confiance \u00e0 notre vaste gamme d&rsquo;\u00e9tiquettes, compos\u00e9es d&rsquo;un film thermo-r\u00e9tractable, pour une meilleure visibilit\u00e9 du produit dans certains des environnements les plus comp\u00e9titifs de vente au d\u00e9tail. LicaFlex utilise des papiers textur\u00e9s et des embellissements sup\u00e9rieurs pour tous les go\u00fbts. Nos solutions pour emballages multiples peuvent vous faire \u00e9conomiser jusqu&rsquo;\u00e0 40% \u00e0 l&rsquo;aide de nos m\u00e9langes de films r\u00e9tractables, par rapport aux m\u00e9thodes traditionnelles d&#8217;emballages en carton.<\/p>\n            \n            \n            \n            <p>Chez Licaflex, nous produisons des sacs jetables hygi\u00e9niques de toutes les tailles et de types de fermeture. Nous nous effor\u00e7ons \u00e0 r\u00e9pondre les normes de l&rsquo;industrie les plus robustes en offrant des sacs qui seront utiles pour les propri\u00e9taires, les responsables de logements, les fournisseurs de services alimentaires, et bien plus encore.<\/p>\n            <p>Les produits frais de boulangerie ont des exigences tr\u00e8s pr\u00e9cises en mati\u00e8re de fra\u00eecheur et de contr\u00f4le d&rsquo;humidit\u00e9. Pour assurer une bonne vie au produit et une excellente apparence, LicaFlex fournit un film unique et les technologies d&rsquo;impression pour garder vos produits de boulangerie frais. Nous servons des clients qui vendent n&rsquo;importe quels types de pains, de c\u00e9r\u00e9ales et de confiseries. Nos films et nos emballages rigides assurent une qualit\u00e9 sup\u00e9rieure pour vos produits de boulangerie.<\/p>\n            <p>Nous offrons une grande s\u00e9lection de mat\u00e9riaux et de combinaisons de r\u00e9sine pour la conservation des collations, des c\u00e9r\u00e9ales, des croustilles et autres grignotines sal\u00e9es. La dur\u00e9e de conservation et l&rsquo;apparence sont des choses que nous prenons \u00e0 c\u0153ur, et nous nous assurons que nos solutions r\u00e9pondent \u00e0 vos besoins. Chez LicaFlex, nous adaptons nos mat\u00e9riaux d&#8217;emballage et nos impressions en fonction de vos produits.<\/p>\n            <p>Les grains de caf\u00e9 peuvent \u00e9prouver une grande variation de go\u00fbt et de fra\u00eecheur en fonction de l&#8217;emballage. LicaFlex cherche \u00e0 am\u00e9liorer la commodit\u00e9 et la pr\u00e9sentation des produits de caf\u00e9 avec ses solutions d&#8217;emballage, tout en promettant la protection des saveurs et des caract\u00e9ristiques des grains avec nos films d&rsquo;haute performance. Le produit final est un emballage qui peut garder tous les ar\u00f4mes de vos grains.<\/p>\n            <p>Licaflex promet de rester en bonne position sur le march\u00e9 en continuant \u00e0 fournir des solutions durables et innovantes pour r\u00e9pondre \u00e0 vos exigences en mati\u00e8re d&#8217;emballage de produits laitiers. En assurant la protection et la fra\u00eecheur de vos produits, que ce soit du fromage, du lait ou du yogourt, nous ne cessons jamais de faire plaisir \u00e0 nos clients gr\u00e2ce \u00e0 notre soutien technique et notre efficacit\u00e9 globale pour vous aider \u00e0 vendre vos produits.<\/p>\n            <p>Licaflex promet que vos produits de fruits de mer vont arriver \u00e0 destination frais, tout en contrant les dangers du transport. Nous offrons des produits d&#8217;emballage pour les fruits de mer surgel\u00e9s et des emballages con\u00e7us pour la vente au d\u00e9tail et la distribution de fruits de mer. Notre pr\u00e9occupation avec la sant\u00e9, la commodit\u00e9 et la confiance de nos consommateurs nous aident \u00e0 am\u00e9liorer constamment nos solutions en restant inform\u00e9s des derni\u00e8res technologies en emballage.<\/p>\n            <p>Les d\u00e9fis qui d\u00e9coulent de l&#8217;emballage de la viande et de la volaille exigent plus de sp\u00e9cialisation en termes de protection, de dur\u00e9e, de conservation et m\u00eame d&rsquo;apparence. Les solutions innovantes et durables de LicaFlex ont \u00e9t\u00e9 \u00e9labor\u00e9s pour fournir le plus haut niveau de performance et de qualit\u00e9. Nous offrons la meilleure combinaison d&rsquo;a\u00e9ration et d&rsquo;humidit\u00e9 pour vos produits afin de pr\u00e9server la fra\u00eecheur et la saveur.<\/p>\n            <p>Nous comprenons la n\u00e9cessit\u00e9 du d\u00e9veloppement d&rsquo;un emballage durable et r\u00e9sistant pour contenir vos produits de pelouse et de jardin. LicaFlex propose un emballage qui promet la fra\u00eecheur et non l&rsquo;humidit\u00e9 pour vos produits. Nous fournissons des emballages durables pour une vaste gamme de produits pour pelouses et jardins, et nous sommes engag\u00e9s \u00e0 fournir des solutions pratiques pour nos clients.<\/p>\n            <p>La fra\u00eecheur des produits et l&rsquo;enrichissement de la qualit\u00e9 sont deux composantes de notre production d&#8217;emballage que nous tenons \u00e0 c\u0153ur. Nous voulons nous assurer que vos r\u00e9coltes sont aussi fra\u00eeches que possible pour vos clients et que l&#8217;emballage est pratique et facile \u00e0 utiliser. Chez LicaFlex, nous continuons d&rsquo;am\u00e9liorer nos solutions puisque l&rsquo;industrie des fruits et l\u00e9gumes devient de plus en plus sophistiqu\u00e9e.<\/p>\n            <p>Licaflex promet d&rsquo;\u00eatre en mesure de r\u00e9pondre \u00e0 toutes les exigences d&#8217;emballage des aliments pour animaux avec nos normes de qualit\u00e9 sup\u00e9rieure, de manipulation et de dur\u00e9e de vie prolong\u00e9e. En offrant l&rsquo;homog\u00e9n\u00e9it\u00e9 de l&rsquo;image de marque pour vos produits avec nos emballages, nos solutions sont attirantes et attrayantes pour les clients qui ach\u00e8tent vos produits pour animaux de compagnie. Nos produits garantissent la combinaison parfaite d&rsquo;humidit\u00e9 et d&rsquo;a\u00e9ration pour une conservation id\u00e9ale.<\/p>\n\n","protected":false},"excerpt":{"rendered":"<p>March\u00e9s Au service des clients dans de nombreux secteurs et march\u00e9s depuis 1988 Boisson Aliments Soins personnels La nourriture pour animaux Boulangerie Collations Du fromage Produits de mer Pelouse &#038; jardin Aliments pour animaux Il est maintenant facile d&rsquo;atteindre le plus haut niveau de qualit\u00e9 pour vos \u00e9tiquettes en faisant confiance \u00e0 notre vaste gamme&hellip;<\/p>\n","protected":false},"author":1,"featured_media":0,"parent":0,"menu_order":0,"comment_status":"closed","ping_status":"closed","template":"","meta":{"footnotes":""},"class_list":["post-283","page","type-page","status-publish","hentry"],"yoast_head":"<!-- This site is optimized with the Yoast SEO plugin v26.1 - https:\/\/yoast.com\/wordpress\/plugins\/seo\/ -->\n<title>March\u00e9s - LicaFlex Packaging<\/title>\n<meta name=\"robots\" content=\"index, follow, max-snippet:-1, max-image-preview:large, max-video-preview:-1\" \/>\n<link rel=\"canonical\" href=\"https:\/\/licaflex.com\/markets\/\" \/>\n<meta property=\"og:locale\" content=\"fr_FR\" \/>\n<meta property=\"og:type\" content=\"article\" \/>\n<meta property=\"og:title\" content=\"March\u00e9s - LicaFlex Packaging\" \/>\n<meta property=\"og:description\" content=\"March\u00e9s Au service des clients dans de nombreux secteurs et march\u00e9s depuis 1988 Boisson Aliments Soins personnels La nourriture pour animaux Boulangerie Collations Du fromage Produits de mer Pelouse &#038; jardin Aliments pour animaux Il est maintenant facile d&rsquo;atteindre le plus haut niveau de qualit\u00e9 pour vos \u00e9tiquettes en faisant confiance \u00e0 notre vaste gamme&hellip;\" \/>\n<meta property=\"og:url\" content=\"https:\/\/licaflex.com\/markets\/\" \/>\n<meta property=\"og:site_name\" content=\"LicaFlex Packaging\" \/>\n<meta property=\"article:modified_time\" content=\"2021-03-24T20:30:24+00:00\" \/>\n<meta property=\"og:image\" content=\"https:\/\/licaflex.com\/wp-content\/uploads\/2021\/02\/mark_img_001.png\" \/>\n<meta name=\"twitter:card\" content=\"summary_large_image\" \/>\n<meta name=\"twitter:label1\" content=\"Dur\u00e9e de lecture estim\u00e9e\" \/>\n\t<meta name=\"twitter:data1\" content=\"4 minutes\" \/>\n<script type=\"application\/ld+json\" class=\"yoast-schema-graph\">{\"@context\":\"https:\/\/schema.org\",\"@graph\":[{\"@type\":\"WebPage\",\"@id\":\"https:\/\/licaflex.com\/markets\/\",\"url\":\"https:\/\/licaflex.com\/markets\/\",\"name\":\"March\u00e9s - LicaFlex Packaging\",\"isPartOf\":{\"@id\":\"https:\/\/licaflex.com\/#website\"},\"primaryImageOfPage\":{\"@id\":\"https:\/\/licaflex.com\/markets\/#primaryimage\"},\"image\":{\"@id\":\"https:\/\/licaflex.com\/markets\/#primaryimage\"},\"thumbnailUrl\":\"https:\/\/licaflex.com\/wp-content\/uploads\/2021\/02\/mark_img_001.png\",\"datePublished\":\"2021-02-21T22:29:58+00:00\",\"dateModified\":\"2021-03-24T20:30:24+00:00\",\"breadcrumb\":{\"@id\":\"https:\/\/licaflex.com\/markets\/#breadcrumb\"},\"inLanguage\":\"fr-FR\",\"potentialAction\":[{\"@type\":\"ReadAction\",\"target\":[\"https:\/\/licaflex.com\/markets\/\"]}]},{\"@type\":\"ImageObject\",\"inLanguage\":\"fr-FR\",\"@id\":\"https:\/\/licaflex.com\/markets\/#primaryimage\",\"url\":\"https:\/\/licaflex.com\/wp-content\/uploads\/2021\/02\/mark_img_001.png\",\"contentUrl\":\"https:\/\/licaflex.com\/wp-content\/uploads\/2021\/02\/mark_img_001.png\"},{\"@type\":\"BreadcrumbList\",\"@id\":\"https:\/\/licaflex.com\/markets\/#breadcrumb\",\"itemListElement\":[{\"@type\":\"ListItem\",\"position\":1,\"name\":\"Home\",\"item\":\"https:\/\/licaflex.com\/\"},{\"@type\":\"ListItem\",\"position\":2,\"name\":\"March\u00e9s\"}]},{\"@type\":\"WebSite\",\"@id\":\"https:\/\/licaflex.com\/#website\",\"url\":\"https:\/\/licaflex.com\/\",\"name\":\"LicaFlex Packaging\",\"description\":\"Flexible Packaging Manufacturer\",\"publisher\":{\"@id\":\"https:\/\/licaflex.com\/#organization\"},\"potentialAction\":[{\"@type\":\"SearchAction\",\"target\":{\"@type\":\"EntryPoint\",\"urlTemplate\":\"https:\/\/licaflex.com\/?s={search_term_string}\"},\"query-input\":{\"@type\":\"PropertyValueSpecification\",\"valueRequired\":true,\"valueName\":\"search_term_string\"}}],\"inLanguage\":\"fr-FR\"},{\"@type\":\"Organization\",\"@id\":\"https:\/\/licaflex.com\/#organization\",\"name\":\"LicaFlex Packaging\",\"url\":\"https:\/\/licaflex.com\/\",\"logo\":{\"@type\":\"ImageObject\",\"inLanguage\":\"fr-FR\",\"@id\":\"https:\/\/licaflex.com\/#\/schema\/logo\/image\/\",\"url\":\"https:\/\/licaflex.com\/wp-content\/uploads\/2021\/03\/Vertical-Transparent-PNG.png\",\"contentUrl\":\"https:\/\/licaflex.com\/wp-content\/uploads\/2021\/03\/Vertical-Transparent-PNG.png\",\"width\":4740,\"height\":2386,\"caption\":\"LicaFlex Packaging\"},\"image\":{\"@id\":\"https:\/\/licaflex.com\/#\/schema\/logo\/image\/\"}}]}<\/script>\n<!-- \/ Yoast SEO plugin. -->","yoast_head_json":{"title":"March\u00e9s - LicaFlex Packaging","robots":{"index":"index","follow":"follow","max-snippet":"max-snippet:-1","max-image-preview":"max-image-preview:large","max-video-preview":"max-video-preview:-1"},"canonical":"https:\/\/licaflex.com\/markets\/","og_locale":"fr_FR","og_type":"article","og_title":"March\u00e9s - LicaFlex Packaging","og_description":"March\u00e9s Au service des clients dans de nombreux secteurs et march\u00e9s depuis 1988 Boisson Aliments Soins personnels La nourriture pour animaux Boulangerie Collations Du fromage Produits de mer Pelouse &#038; jardin Aliments pour animaux Il est maintenant facile d&rsquo;atteindre le plus haut niveau de qualit\u00e9 pour vos \u00e9tiquettes en faisant confiance \u00e0 notre vaste gamme&hellip;","og_url":"https:\/\/licaflex.com\/markets\/","og_site_name":"LicaFlex Packaging","article_modified_time":"2021-03-24T20:30:24+00:00","og_image":[{"url":"https:\/\/licaflex.com\/wp-content\/uploads\/2021\/02\/mark_img_001.png","type":"","width":"","height":""}],"twitter_card":"summary_large_image","twitter_misc":{"Dur\u00e9e de lecture estim\u00e9e":"4 minutes"},"schema":{"@context":"https:\/\/schema.org","@graph":[{"@type":"WebPage","@id":"https:\/\/licaflex.com\/markets\/","url":"https:\/\/licaflex.com\/markets\/","name":"March\u00e9s - LicaFlex Packaging","isPartOf":{"@id":"https:\/\/licaflex.com\/#website"},"primaryImageOfPage":{"@id":"https:\/\/licaflex.com\/markets\/#primaryimage"},"image":{"@id":"https:\/\/licaflex.com\/markets\/#primaryimage"},"thumbnailUrl":"https:\/\/licaflex.com\/wp-content\/uploads\/2021\/02\/mark_img_001.png","datePublished":"2021-02-21T22:29:58+00:00","dateModified":"2021-03-24T20:30:24+00:00","breadcrumb":{"@id":"https:\/\/licaflex.com\/markets\/#breadcrumb"},"inLanguage":"fr-FR","potentialAction":[{"@type":"ReadAction","target":["https:\/\/licaflex.com\/markets\/"]}]},{"@type":"ImageObject","inLanguage":"fr-FR","@id":"https:\/\/licaflex.com\/markets\/#primaryimage","url":"https:\/\/licaflex.com\/wp-content\/uploads\/2021\/02\/mark_img_001.png","contentUrl":"https:\/\/licaflex.com\/wp-content\/uploads\/2021\/02\/mark_img_001.png"},{"@type":"BreadcrumbList","@id":"https:\/\/licaflex.com\/markets\/#breadcrumb","itemListElement":[{"@type":"ListItem","position":1,"name":"Home","item":"https:\/\/licaflex.com\/"},{"@type":"ListItem","position":2,"name":"March\u00e9s"}]},{"@type":"WebSite","@id":"https:\/\/licaflex.com\/#website","url":"https:\/\/licaflex.com\/","name":"LicaFlex Packaging","description":"Flexible Packaging Manufacturer","publisher":{"@id":"https:\/\/licaflex.com\/#organization"},"potentialAction":[{"@type":"SearchAction","target":{"@type":"EntryPoint","urlTemplate":"https:\/\/licaflex.com\/?s={search_term_string}"},"query-input":{"@type":"PropertyValueSpecification","valueRequired":true,"valueName":"search_term_string"}}],"inLanguage":"fr-FR"},{"@type":"Organization","@id":"https:\/\/licaflex.com\/#organization","name":"LicaFlex Packaging","url":"https:\/\/licaflex.com\/","logo":{"@type":"ImageObject","inLanguage":"fr-FR","@id":"https:\/\/licaflex.com\/#\/schema\/logo\/image\/","url":"https:\/\/licaflex.com\/wp-content\/uploads\/2021\/03\/Vertical-Transparent-PNG.png","contentUrl":"https:\/\/licaflex.com\/wp-content\/uploads\/2021\/03\/Vertical-Transparent-PNG.png","width":4740,"height":2386,"caption":"LicaFlex Packaging"},"image":{"@id":"https:\/\/licaflex.com\/#\/schema\/logo\/image\/"}}]}},"_links":{"self":[{"href":"https:\/\/licaflex.com\/fr\/wp-json\/wp\/v2\/pages\/283","targetHints":{"allow":["GET"]}}],"collection":[{"href":"https:\/\/licaflex.com\/fr\/wp-json\/wp\/v2\/pages"}],"about":[{"href":"https:\/\/licaflex.com\/fr\/wp-json\/wp\/v2\/types\/page"}],"author":[{"embeddable":true,"href":"https:\/\/licaflex.com\/fr\/wp-json\/wp\/v2\/users\/1"}],"replies":[{"embeddable":true,"href":"https:\/\/licaflex.com\/fr\/wp-json\/wp\/v2\/comments?post=283"}],"version-history":[{"count":15,"href":"https:\/\/licaflex.com\/fr\/wp-json\/wp\/v2\/pages\/283\/revisions"}],"predecessor-version":[{"id":712,"href":"https:\/\/licaflex.com\/fr\/wp-json\/wp\/v2\/pages\/283\/revisions\/712"}],"wp:attachment":[{"href":"https:\/\/licaflex.com\/fr\/wp-json\/wp\/v2\/media?parent=283"}],"curies":[{"name":"wp","href":"https:\/\/api.w.org\/{rel}","templated":true}]}}